{"id":3972,"date":"2018-06-25T09:24:52","date_gmt":"2018-06-25T09:24:52","guid":{"rendered":"https:\/\/codesupply.co\/?page_id=3"},"modified":"2026-04-07T07:00:47","modified_gmt":"2026-04-07T07:00:47","slug":"privacy-policy","status":"publish","type":"page","link":"https:\/\/boheme-beauty.com\/fr\/privacy-policy\/","title":{"rendered":"Politique de confidentialit\u00e9"},"content":{"rendered":"<h2 class=\"wp-block-heading\">Quelles donn\u00e9es personnelles nous collectons et pourquoi nous les collectons<\/h2>\n\n\n\n<p>Nous pouvons collecter, utiliser, stocker et transf\u00e9rer diff\u00e9rents types d\u2019informations personnelles vous concernant, que nous avons regroup\u00e9es comme suit :<\/p>\n\n\n\n<p><strong>Informations d\u2019identit\u00e9:<\/strong> Comprend votre pr\u00e9nom, nom, nom d\u2019utilisateur ou identifiant similaire, ainsi que votre titre.<\/p>\n\n\n\n<p><strong>Informations de contact:<\/strong> Comprend les adresses de facturation et de livraison, l\u2019adresse e-mail et les num\u00e9ros de t\u00e9l\u00e9phone.<\/p>\n\n\n\n<p><strong>Informations financi\u00e8res:<\/strong> includes bank account and payment card details.<\/p>\n\n\n\n<p><strong>Informations sur les transactions:<\/strong> Comprend les d\u00e9tails des paiements effectu\u00e9s vers ou depuis vous, ainsi que les informations sur les produits et services que vous avez achet\u00e9s chez nous.<\/p>\n\n\n\n<p><strong>Informations techniques<\/strong> Comprend votre adresse IP, vos identifiants de connexion, le type et la version de votre navigateur, le fuseau horaire et la localisation, les plug-ins du navigateur et leurs versions, le syst\u00e8me d\u2019exploitation et la plateforme, ainsi que toute autre technologie pr\u00e9sente sur les appareils que vous utilisez pour acc\u00e9der \u00e0 nos sites web.<\/p>\n\n\n\n<p><strong>Informations de profil:<\/strong> Comprend votre nom d\u2019utilisateur et mot de passe, vos achats ou commandes, vos centres d\u2019int\u00e9r\u00eat et pr\u00e9f\u00e9rences, ainsi que vos retours et r\u00e9ponses aux enqu\u00eates.<\/p>\n\n\n\n<p><strong>Informations d\u2019utilisation:<\/strong> Comprend des informations sur la mani\u00e8re dont vous utilisez nos sites web, produits et services.<\/p>\n\n\n\n<p><strong>Informations marketing et de communication<\/strong> Comprend vos pr\u00e9f\u00e9rences concernant la r\u00e9ception de communications marketing de notre part et de la part de tiers, ainsi que vos pr\u00e9f\u00e9rences en mati\u00e8re de communication.<\/p>\n\n\n\n<h3 class=\"wp-block-heading\">Formulaires de contact:<\/h3>\n\n\n\n<figure class=\"wp-block-embed is-type-wp-embed is-provider-boheme-beauty-com wp-block-embed-boheme-beauty-com\"><div class=\"wp-block-embed__wrapper\">\n<blockquote class=\"wp-embedded-content\" data-secret=\"Aqo8Fksleq\"><a href=\"https:\/\/boheme-beauty.com\/fr\/contact-us\/\">Contactez-nous<\/a><\/blockquote><iframe loading=\"lazy\" class=\"wp-embedded-content\" sandbox=\"allow-scripts\" security=\"restricted\" style=\"position: absolute; visibility: hidden;\" title=\"&#8220;Contact Us&#8221; &#8212; boheme-beauty.com\" src=\"https:\/\/boheme-beauty.com\/contact-us\/embed\/#?secret=QdT3e0gnjw#?secret=Aqo8Fksleq\" data-secret=\"Aqo8Fksleq\" width=\"600\" height=\"338\" frameborder=\"0\" marginwidth=\"0\" marginheight=\"0\" scrolling=\"no\"><\/iframe>\n<\/div><\/figure>\n\n\n\n<h2 class=\"wp-block-heading\">Avec qui nous partageons vos donn\u00e9es:<\/h2>\n\n\n\n<p>Nous travaillons avec un ensemble de prestataires tiers de confiance pour fournir certains aspects de nos services. Cela peut inclure des fournisseurs de services informatiques, des processeurs de paiement, des partenaires logistiques, des plateformes de marketing par e-mail et des syst\u00e8mes de gestion d\u2019entreprise.<\/p>\n\n\n\n<p>Dans certains cas, nous sommes l\u00e9galement tenus de partager des informations personnelles avec des tiers, par exemple pour nous conformer \u00e0 une d\u00e9cision de justice. Dans d\u2019autres situations, nous pouvons partager des donn\u00e9es personnelles afin de prot\u00e9ger nos droits, nos biens ou notre s\u00e9curit\u00e9, ainsi que ceux d\u2019autrui, par exemple pour pr\u00e9venir la fraude ou r\u00e9duire les risques de cr\u00e9dit.<\/p>\n\n\n\n<p>Dans tous les cas, nous veillons \u00e0 ce que tout partage d\u2019informations personnelles soit effectu\u00e9 conform\u00e9ment aux lois et r\u00e9glementations applicables.<\/p>\n\n\n\n<h2 class=\"wp-block-heading\">Dur\u00e9e de conservation de vos donn\u00e9es:<\/h2>\n\n\n\n<p>Nous ne conserverons vos informations personnelles que pendant la dur\u00e9e n\u00e9cessaire pour atteindre les finalit\u00e9s pour lesquelles elles ont \u00e9t\u00e9 collect\u00e9es, y compris pour satisfaire \u00e0 toute obligation l\u00e9gale, r\u00e9glementaire, fiscale, comptable ou de d\u00e9claration.<\/p>\n\n\n\n<p>Cependant, nous pourrions conserver vos donn\u00e9es personnelles pendant une p\u00e9riode plus longue en cas de plainte ou si nous estimons raisonnablement qu\u2019il existe un risque potentiel de litige li\u00e9 \u00e0 notre relation avec vous.<\/p>\n\n\n\n<h2 class=\"wp-block-heading\">Les droits dont vous disposez concernant vos donn\u00e9es<\/h2>\n\n\n\n<p>Pour demander la suppression de vos donn\u00e9es, veuillez nous contacter \u00e0 <strong><a>contact@boheme-beauty.com<\/a><\/strong>.<\/p>\n\n\n\n<p>Nous supprimerons les donn\u00e9es des utilisateurs dans les plus brefs d\u00e9lais, dans les situations suivantes :<\/p>\n\n\n\n<p>a. Lorsque les donn\u00e9es de l\u2019utilisateur ne sont plus n\u00e9cessaires \u00e0 une finalit\u00e9 commerciale l\u00e9gitime conform\u00e9ment \u00e0 ces Conditions et \u00e0 toutes les autres politiques applicables ;<br>b. Si la plateforme cesse d\u2019exploiter le produit ou le service par lequel les donn\u00e9es ont \u00e9t\u00e9 collect\u00e9es ;<br>c. Lorsque META demande \u00e0 Boheme de supprimer les donn\u00e9es de la plateforme afin de prot\u00e9ger les utilisateurs ;<br>d. Lorsque l\u2019utilisateur demande la suppression de ses donn\u00e9es de la plateforme ou ne poss\u00e8de plus de compte chez Boheme (sauf si les donn\u00e9es ont \u00e9t\u00e9 agr\u00e9g\u00e9es, anonymis\u00e9es ou d\u00e9personnalis\u00e9es de mani\u00e8re \u00e0 ne plus pouvoir \u00eatre associ\u00e9es \u00e0 un utilisateur, navigateur ou appareil sp\u00e9cifique) ;<br>e. Lorsque la loi ou la r\u00e9glementation applicable l\u2019exige.<\/p>\n\n\n\n<h2 class=\"wp-block-heading\">Politique de cookies<\/h2>\n\n\n\n<p>Notre site utilise des cookies pour suivre les services que vous utilisez, stocker les informations d\u2019inscription telles que votre nom d\u2019utilisateur et votre mot de passe, m\u00e9moriser vos pr\u00e9f\u00e9rences en ligne, vous maintenir connect\u00e9 et simplifier les processus d\u2019achat.<\/p>\n\n\n\n<p>Un <strong>Cookie web<\/strong> C\u2019est une petite information qui vous attribue un identifiant unique, stock\u00e9e sur votre appareil et renvoy\u00e9e au site par votre navigateur \u00e0 chaque fois que vous interagissez avec le site. Boheme utilise \u00e9galement des cookies web pour suivre les pages que les utilisateurs visitent lors de chaque session, ce qui nous aide \u00e0 am\u00e9liorer votre exp\u00e9rience et \u00e0 comprendre comment notre site est utilis\u00e9.<\/p>\n\n\n\n<p>Comme pour d\u2019autres informations non personnelles collect\u00e9es lors de votre utilisation du site, Boheme peut analyser et partager ces donn\u00e9es agr\u00e9g\u00e9es afin d\u2019aider Boheme, ses partenaires et d\u2019autres \u00e0 mieux comprendre les habitudes d\u2019utilisation du site.<\/p>","protected":false},"excerpt":{"rendered":"What personal data we collect and why we collect it We may collect, use, store, and transfer various&hellip;","protected":false},"author":4,"featured_media":0,"parent":0,"menu_order":0,"comment_status":"closed","ping_status":"closed","template":"template-medium-width.php","meta":{"footnotes":""},"class_list":{"0":"post-3972","1":"page","2":"type-page","3":"status-publish","5":"mbf-entry"},"aioseo_notices":[],"_links":{"self":[{"href":"https:\/\/boheme-beauty.com\/fr\/wp-json\/wp\/v2\/pages\/3972","targetHints":{"allow":["GET"]}}],"collection":[{"href":"https:\/\/boheme-beauty.com\/fr\/wp-json\/wp\/v2\/pages"}],"about":[{"href":"https:\/\/boheme-beauty.com\/fr\/wp-json\/wp\/v2\/types\/page"}],"author":[{"embeddable":true,"href":"https:\/\/boheme-beauty.com\/fr\/wp-json\/wp\/v2\/users\/4"}],"replies":[{"embeddable":true,"href":"https:\/\/boheme-beauty.com\/fr\/wp-json\/wp\/v2\/comments?post=3972"}],"version-history":[{"count":1,"href":"https:\/\/boheme-beauty.com\/fr\/wp-json\/wp\/v2\/pages\/3972\/revisions"}],"predecessor-version":[{"id":9971,"href":"https:\/\/boheme-beauty.com\/fr\/wp-json\/wp\/v2\/pages\/3972\/revisions\/9971"}],"wp:attachment":[{"href":"https:\/\/boheme-beauty.com\/fr\/wp-json\/wp\/v2\/media?parent=3972"}],"curies":[{"name":"wp","href":"https:\/\/api.w.org\/{rel}","templated":true}]}}