{"id":4245,"date":"2022-11-21T08:32:24","date_gmt":"2022-11-21T08:32:24","guid":{"rendered":"https:\/\/labeaute.merchantsbestfriends.com\/?page_id=4245"},"modified":"2026-04-06T14:39:44","modified_gmt":"2026-04-06T14:39:44","slug":"about","status":"publish","type":"page","link":"https:\/\/boheme-beauty.com\/fr\/about\/","title":{"rendered":"Qui sommes-nous ?"},"content":{"rendered":"<div class=\"wp-block-group is-style-mbf-layout-margin-4\"><div class=\"wp-block-group__inner-container is-layout-constrained wp-block-group-is-layout-constrained\">\n<div class=\"wp-block-columns is-not-stacked-on-mobile is-style-mbf-columns-2-style is-layout-flex wp-container-core-columns-is-layout-9d6595d7 wp-block-columns-is-layout-flex\">\n<div class=\"wp-block-column is-layout-flow wp-block-column-is-layout-flow\" style=\"flex-basis:55%\">\n<div class=\"wp-block-group is-style-mbf-layout-margin-minus-3\"><div class=\"wp-block-group__inner-container is-layout-constrained wp-block-group-is-layout-constrained\">\n<h2 class=\"wp-block-heading is-style-mbf-heading-large has-accent-color has-text-color\">L\u00e0 o\u00f9 tout commence<\/h2>\n\n\n\n<p>Boh\u00e8me puise son \u00e2me dans une terre de contrastes et de lumi\u00e8re : le Maroc. Une terre vivante d\u2019\u00e9motions, de senteurs et de sagesse ancestrale. Ici, chaque brise porte un secret, chaque plante raconte une histoire, et chaque rituel c\u00e9l\u00e8bre la beaut\u00e9 dans sa forme la plus authentique.<\/p>\n\n\n\n<hr class=\"wp-block-separator has-alpha-channel-opacity\"\/>\n\n\n\n<h3 class=\"wp-block-heading\">Une terre aux mille visages<\/h3>\n\n\n\n<p>Des montagnes de l\u2019Atlas enneig\u00e9es aux plaines baign\u00e9es de soleil, des c\u00f4tes caress\u00e9es par l\u2019oc\u00e9an aux dunes dor\u00e9es du d\u00e9sert, le Maroc offre une diversit\u00e9 rare. C\u2019est une terre de rencontres et d\u2019harmonie, o\u00f9 la nature inspire la sagesse et invite \u00e0 la simplicit\u00e9.<\/p>\n\n\n\n<hr class=\"wp-block-separator has-alpha-channel-opacity\"\/>\n\n\n\n<h3 class=\"wp-block-heading\">Femmes, Gardiennes des Rituels<\/h3>\n\n\n\n<p>\u00c0 travers chaque r\u00e9gion, des montagnes du Rif jusqu\u2019aux confins du Sahara, les femmes ont pr\u00e9serv\u00e9 et r\u00e9invent\u00e9 les pratiques de beaut\u00e9 transmises de m\u00e8re en fille. Elles ont appris \u00e0 puiser dans les tr\u00e9sors les plus purs de la nature : l\u2019argan pour nourrir, le rhassoul pour purifier, la rose pour apaiser, le henn\u00e9 pour prot\u00e9ger.<\/p>\n\n\n\n<hr class=\"wp-block-separator has-alpha-channel-opacity\"\/>\n\n\n\n<h3 class=\"wp-block-heading\">L\u2019Essence de Boh\u00e8me<\/h3>\n\n\n\n<p>De cet h\u00e9ritage est n\u00e9e Boh\u00e8me \u2014 un hommage \u00e0 la beaut\u00e9 naturelle, \u00e0 la lenteur et \u00e0 l\u2019authenticit\u00e9. Chaque cr\u00e9ation est un point de rencontre entre tradition et science moderne, con\u00e7ue pour honorer la peau tout en respectant la nature. Boh\u00e8me est une invitation \u00e0 se reconnecter \u00e0 soi-m\u00eame, \u00e0 transformer chaque geste en rituel et chaque soin en un moment de s\u00e9r\u00e9nit\u00e9.<\/p>\n\n\n\n<hr class=\"wp-block-separator has-alpha-channel-opacity\"\/>\n<\/div><\/div>\n\n\n\n<hr class=\"wp-block-separator has-text-color has-border-color has-alpha-channel-opacity has-border-background-color has-background is-style-mbf-separator-easy-line\"\/>\n\n\n\n<div class=\"wp-block-columns is-style-mbf-columns-gap-xs-1 is-layout-flex wp-container-core-columns-is-layout-9d6595d7 wp-block-columns-is-layout-flex\">\n<div class=\"wp-block-column is-layout-flow wp-block-column-is-layout-flow\">\n<div class=\"wp-block-columns is-not-stacked-on-mobile is-style-mbf-columns-gap-xs-1 is-layout-flex wp-container-core-columns-is-layout-9d6595d7 wp-block-columns-is-layout-flex\">\n<div class=\"wp-block-column is-layout-flow wp-block-column-is-layout-flow\" style=\"flex-basis:50px\"><\/div>\n<\/div>\n<\/div>\n<\/div>\n\n\n\n<div class=\"wp-block-columns is-style-mbf-columns-gap-xs-1 is-layout-flex wp-container-core-columns-is-layout-9d6595d7 wp-block-columns-is-layout-flex\"><\/div>\n<\/div>\n\n\n\n<div class=\"wp-block-column is-layout-flow wp-block-column-is-layout-flow\">\n<div class=\"wp-block-cover is-light is-style-mbf-cover-promo\"><img loading=\"lazy\" decoding=\"async\" width=\"914\" height=\"600\" class=\"wp-block-cover__image-background wp-image-8556 size-full\" alt=\"\" src=\"https:\/\/boheme-beauty.com\/wp-content\/uploads\/2025\/11\/image-1.png\" data-object-fit=\"cover\" srcset=\"https:\/\/boheme-beauty.com\/wp-content\/uploads\/2025\/11\/image-1.png 914w, https:\/\/boheme-beauty.com\/wp-content\/uploads\/2025\/11\/image-1-300x197.png 300w, https:\/\/boheme-beauty.com\/wp-content\/uploads\/2025\/11\/image-1-768x504.png 768w, https:\/\/boheme-beauty.com\/wp-content\/uploads\/2025\/11\/image-1-50x33.png 50w, https:\/\/boheme-beauty.com\/wp-content\/uploads\/2025\/11\/image-1-18x12.png 18w, https:\/\/boheme-beauty.com\/wp-content\/uploads\/2025\/11\/image-1-306x201.png 306w, https:\/\/boheme-beauty.com\/wp-content\/uploads\/2025\/11\/image-1-856x562.png 856w\" sizes=\"auto, (max-width: 914px) 100vw, 914px\" \/><span aria-hidden=\"true\" class=\"wp-block-cover__background has-background-dim-0 has-background-dim\" style=\"background-color:#b18a73\"><\/span><div class=\"wp-block-cover__inner-container is-layout-flow wp-block-cover-is-layout-flow\">\n<p class=\"has-text-align-center has-large-font-size\"><\/p>\n<\/div><\/div>\n<\/div>\n<\/div>\n<\/div><\/div>\n\n\n\n<div class=\"wp-block-group is-style-mbf-layout-margin-5\"><div class=\"wp-block-group__inner-container is-layout-constrained wp-block-group-is-layout-constrained\"><\/div><\/div>\n\n\n\n<div class=\"wp-block-group is-style-mbf-layout-margin-5\"><div class=\"wp-block-group__inner-container is-layout-constrained wp-block-group-is-layout-constrained\"><\/div><\/div>\n\n\n\n<p><\/p>","protected":false},"excerpt":{"rendered":"Where It All Begins Boh\u00e8me draws its soul from a land of contrasts and light: Morocco. A land&hellip;","protected":false},"author":4,"featured_media":0,"parent":0,"menu_order":0,"comment_status":"closed","ping_status":"closed","template":"","meta":{"footnotes":""},"class_list":{"0":"post-4245","1":"page","2":"type-page","3":"status-publish","5":"mbf-entry"},"aioseo_notices":[],"_links":{"self":[{"href":"https:\/\/boheme-beauty.com\/fr\/wp-json\/wp\/v2\/pages\/4245","targetHints":{"allow":["GET"]}}],"collection":[{"href":"https:\/\/boheme-beauty.com\/fr\/wp-json\/wp\/v2\/pages"}],"about":[{"href":"https:\/\/boheme-beauty.com\/fr\/wp-json\/wp\/v2\/types\/page"}],"author":[{"embeddable":true,"href":"https:\/\/boheme-beauty.com\/fr\/wp-json\/wp\/v2\/users\/4"}],"replies":[{"embeddable":true,"href":"https:\/\/boheme-beauty.com\/fr\/wp-json\/wp\/v2\/comments?post=4245"}],"version-history":[{"count":7,"href":"https:\/\/boheme-beauty.com\/fr\/wp-json\/wp\/v2\/pages\/4245\/revisions"}],"predecessor-version":[{"id":10015,"href":"https:\/\/boheme-beauty.com\/fr\/wp-json\/wp\/v2\/pages\/4245\/revisions\/10015"}],"wp:attachment":[{"href":"https:\/\/boheme-beauty.com\/fr\/wp-json\/wp\/v2\/media?parent=4245"}],"curies":[{"name":"wp","href":"https:\/\/api.w.org\/{rel}","templated":true}]}}