{"id":5224,"date":"2023-02-22T08:16:40","date_gmt":"2023-02-22T08:16:40","guid":{"rendered":"https:\/\/labeaute.merchantsbestfriends.com\/?page_id=5224"},"modified":"2026-04-08T11:01:54","modified_gmt":"2026-04-08T11:01:54","slug":"terms-conditons","status":"publish","type":"page","link":"https:\/\/boheme-beauty.com\/fr\/terms-conditons\/","title":{"rendered":"Termes et conditions"},"content":{"rendered":"<p><\/p>\n\n\n\n<p>Ces Termes et Conditions (\u00ab Termes \u00bb, \u00ab Accord \u00bb) constituent un accord entre <strong>Boheme<\/strong> \u2013 MANEL PRESTIGE FOR BEAUTY PERSONAL CARE LLC (\u00ab nous \u00bb, \u00ab notre \u00bb ou \u00ab Boheme \u00bb) et vous (\u00ab Utilisateur \u00bb, \u00ab vous \u00bb ou \u00ab votre \u00bb). Ces termes r\u00e9gissent votre utilisation du site web. <strong>boheme-beauty.com<\/strong> et de l\u2019ensemble de ses produits et services (collectivement, le \u00ab Site \u00bb ou les \u00ab Services \u00bb).<\/p>\n\n\n\n<p><strong>Comptes et adh\u00e9sion<\/strong><br>Lorsque vous cr\u00e9ez un compte sur le Site, vous \u00eates responsable de la s\u00e9curit\u00e9 de votre compte ainsi que de toutes les activit\u00e9s qui y sont effectu\u00e9es, ainsi que de toute action qui y est li\u00e9e. Bien que nous puissions examiner et v\u00e9rifier les nouveaux comptes avant que vous ne puissiez acc\u00e9der aux Services, nous n\u2019y sommes pas oblig\u00e9s. La fourniture de fausses informations de contact peut entra\u00eener la r\u00e9siliation de votre compte. Vous devez nous informer imm\u00e9diatement de toute utilisation non autoris\u00e9e ou violation de la s\u00e9curit\u00e9 li\u00e9e \u00e0 votre compte.<\/p>\n\n\n\n<p>Nous ne serons pas responsables des actes ou omissions li\u00e9s \u00e0 votre compte, y compris des \u00e9ventuels dommages qui pourraient en r\u00e9sulter. Nous nous r\u00e9servons le droit de suspendre, d\u00e9sactiver ou supprimer votre compte (ou une partie de celui-ci) si nous d\u00e9terminons que vous avez enfreint le pr\u00e9sent Accord ou que votre comportement ou contenu pourrait nuire \u00e0 notre r\u00e9putation ou \u00e0 notre bonne volont\u00e9. Dans ce cas, vous ne serez pas autoris\u00e9 \u00e0 cr\u00e9er un nouveau compte pour acc\u00e9der aux Services. Nous pouvons \u00e9galement bloquer votre adresse e-mail et votre adresse IP pour emp\u00eacher toute nouvelle inscription.<\/p>\n\n\n\n<p><strong>Facturation et paiements<\/strong><\/p>\n\n\n\n<p>Vous acceptez de payer tous les frais et charges li\u00e9s \u00e0 votre compte conform\u00e9ment aux tarifs et conditions de facturation en vigueur au moment o\u00f9 ces montants deviennent exigibles. Tout \u00e9change de donn\u00e9es sensibles entre le site Web et ses utilisateurs est s\u00e9curis\u00e9 et prot\u00e9g\u00e9 par des signatures num\u00e9riques. Si une transaction est consid\u00e9r\u00e9e comme pr\u00e9sentant un risque \u00e9lev\u00e9, nous pourrons vous demander de fournir une copie d\u2019une pi\u00e8ce d\u2019identit\u00e9 officielle avec photo, et, le cas \u00e9ch\u00e9ant, un relev\u00e9 bancaire r\u00e9cent correspondant \u00e0 la carte utilis\u00e9e pour le paiement.<\/p>\n\n\n\n<p>Nous nous r\u00e9servons le droit de modifier les produits et leurs prix \u00e0 tout moment. Nous nous r\u00e9servons \u00e9galement le droit de refuser toute commande \u00e0 notre seule discr\u00e9tion. De plus, nous pouvons limiter ou annuler les quantit\u00e9s achet\u00e9es par personne, par foyer ou par commande. Ces restrictions peuvent s\u2019appliquer aux commandes pass\u00e9es avec le m\u00eame compte client, utilisant le m\u00eame moyen de paiement, ou associ\u00e9es aux m\u00eames informations de facturation et\/ou de livraison.<\/p>\n\n\n\n<p>En cas de modification ou d\u2019annulation d\u2019une commande, nous pouvons tenter de vous en informer en utilisant les coordonn\u00e9es fournies lors de l\u2019achat, y compris votre adresse e-mail, votre adresse de facturation ou votre num\u00e9ro de t\u00e9l\u00e9phone.<\/p>\n\n\n\n<p><strong>Exactitude des informations<\/strong><\/p>\n\n\n\n<p>Il se peut que, de temps \u00e0 autre, des informations sur le site Web contiennent des erreurs typographiques, des inexactitudes ou des omissions, notamment concernant la disponibilit\u00e9 des produits, les promotions ou les offres. Nous nous r\u00e9servons le droit de corriger ces erreurs, de mettre \u00e0 jour ou de modifier les informations, ou d\u2019annuler des commandes, \u00e0 tout moment et sans pr\u00e9avis, y compris apr\u00e8s qu\u2019une commande a \u00e9t\u00e9 soumise.<\/p>\n\n\n\n<p>Sauf si la loi l\u2019exige, nous ne sommes pas tenus de mettre \u00e0 jour, modifier ou clarifier les informations pr\u00e9sentes sur le site Web, y compris les informations relatives aux prix. De plus, toute date de mise \u00e0 jour ou de rafra\u00eechissement indiqu\u00e9e ne doit pas \u00eatre interpr\u00e9t\u00e9e comme une confirmation que l\u2019ensemble du contenu du site Web ou des services associ\u00e9s a \u00e9t\u00e9 enti\u00e8rement actualis\u00e9.<\/p>\n\n\n\n<p><strong>Politique de retour <\/strong><\/p>\n\n\n\n<p>Pour des raisons d\u2019hygi\u00e8ne et de s\u00e9curit\u00e9, nous n\u2019acceptons ni les retours ni les \u00e9changes sur nos produits.<br>Les retours et remboursements ne seront envisag\u00e9s que si le ou les articles sont jug\u00e9s d\u00e9fectueux. <\/p>\n\n\n\n<p>Pour toute demande de remboursement, veuillez contacter notre service client.<\/p>\n\n\n\n<p><strong>Politique de remboursement<\/strong><\/p>\n\n\n\n<p> Une fois le produit retourn\u00e9 \u00e0 notre entrep\u00f4t et v\u00e9rifi\u00e9 comme respectant les conditions requises, le remboursement sera effectu\u00e9 via le mode de paiement utilis\u00e9 lors de la commande.<\/p>\n\n\n\n<ul class=\"wp-block-list\">\n<li>Les paiements effectu\u00e9s par carte bancaire seront rembours\u00e9s sur la m\u00eame carte utilis\u00e9e lors de l\u2019achat.<\/li>\n\n\n\n<li>Les paiements \u00e0 la livraison seront rembours\u00e9s par virement bancaire.<\/li>\n<\/ul>\n\n\n\n<p>Les remboursements peuvent prendre jusqu\u2019\u00e0 14 jours, selon les d\u00e9lais de traitement ainsi que les proc\u00e9dures de transport et de logistique. Nous vous remercions pour votre patience.<\/p>\n\n\n\n<p>Nous nous r\u00e9servons le droit de refuser tout retour qui ne respecte pas notre politique de retour.<strong> <\/strong><\/p>\n\n\n\n<p><strong>Codes promotionnels<\/strong><\/p>\n\n\n\n<p>Si un code promotionnel a \u00e9t\u00e9 utilis\u00e9 pour votre commande, sa valeur est r\u00e9partie proportionnellement entre tous les articles de la commande.<br>En cas de retour, le remboursement correspondra au montant pay\u00e9 pour l\u2019article retourn\u00e9, d\u00e9duction faite de sa part de la remise appliqu\u00e9e.<\/p>\n\n\n\n<p><strong>Allergie<\/strong><\/p>\n\n\n\n<p>Si vous ne connaissez pas votre r\u00e9action allergique \u00e0 l\u2019un de nos produits, veuillez effectuer au pr\u00e9alable un test cutan\u00e9 sur une petite zone discr\u00e8te de la main.<br><\/p>\n\n\n\n<p><strong>Aucune garantie<\/strong><br>Votre utilisation du Site ou des Services se fait \u00e0 vos propres risques. Les Services sont fournis \u00ab tels quels \u00bb et \u00ab selon disponibilit\u00e9 \u00bb. Nous d\u00e9clinons toute garantie, y compris les garanties implicites de qualit\u00e9, d\u2019ad\u00e9quation \u00e0 un usage particulier ou de non-contrefa\u00e7on. Nous ne garantissons pas que les Services r\u00e9pondront \u00e0 vos attentes, seront ininterrompus, s\u00e9curis\u00e9s ou exempts d\u2019erreurs.<\/p>\n\n\n\n<p><strong>Limitation de responsabilit\u00e9<\/strong><br>Dans toute la mesure permise par la loi, Boh\u00e8me (MANEL PRESTIGE FOR BEAUTY PERSONAL CARE LLC) et ses affili\u00e9s ne seront pas responsables des dommages indirects, sp\u00e9ciaux ou cons\u00e9cutifs. La responsabilit\u00e9 maximale est limit\u00e9e au montant que vous avez pay\u00e9 au cours du mois pr\u00e9c\u00e9dant l\u2019\u00e9v\u00e9nement ayant donn\u00e9 lieu \u00e0 la r\u00e9clamation.<\/p>\n\n\n\n<p><strong>Modifications<\/strong><br>Nous nous r\u00e9servons le droit de modifier cet Accord \u00e0 tout moment. L\u2019utilisation continue du Site constitue votre acceptation de ces modifications.<\/p>\n\n\n\n<p><strong>Acceptation des termes<\/strong><br>En utilisant le Site, vous reconnaissez avoir lu et accept\u00e9 cet Accord dans son int\u00e9gralit\u00e9. Si vous n\u2019acceptez pas, vous n\u2019\u00eates pas autoris\u00e9 \u00e0 acc\u00e9der au Site ni \u00e0 utiliser ses Services.<\/p>\n\n\n\n<p><strong>Contactez-nous<\/strong><br>Pour toute question concernant cet Accord, veuillez nous contacter via le formulaire ou par e-mail \u00e0 <a>contact@boheme-beauty.com<\/a><\/p>","protected":false},"excerpt":{"rendered":"These Terms and Conditions (\u201cTerms\u201d, \u201cAgreement\u201d) constitute an agreement between Boheme &#8211; MANEL PRESTIGE FOR BEAUTY PERSONAL CARE&hellip;","protected":false},"author":4,"featured_media":0,"parent":0,"menu_order":0,"comment_status":"closed","ping_status":"closed","template":"template-medium-width.php","meta":{"footnotes":""},"class_list":{"0":"post-5224","1":"page","2":"type-page","3":"status-publish","5":"mbf-entry"},"aioseo_notices":[],"_links":{"self":[{"href":"https:\/\/boheme-beauty.com\/fr\/wp-json\/wp\/v2\/pages\/5224","targetHints":{"allow":["GET"]}}],"collection":[{"href":"https:\/\/boheme-beauty.com\/fr\/wp-json\/wp\/v2\/pages"}],"about":[{"href":"https:\/\/boheme-beauty.com\/fr\/wp-json\/wp\/v2\/types\/page"}],"author":[{"embeddable":true,"href":"https:\/\/boheme-beauty.com\/fr\/wp-json\/wp\/v2\/users\/4"}],"replies":[{"embeddable":true,"href":"https:\/\/boheme-beauty.com\/fr\/wp-json\/wp\/v2\/comments?post=5224"}],"version-history":[{"count":11,"href":"https:\/\/boheme-beauty.com\/fr\/wp-json\/wp\/v2\/pages\/5224\/revisions"}],"predecessor-version":[{"id":10032,"href":"https:\/\/boheme-beauty.com\/fr\/wp-json\/wp\/v2\/pages\/5224\/revisions\/10032"}],"wp:attachment":[{"href":"https:\/\/boheme-beauty.com\/fr\/wp-json\/wp\/v2\/media?parent=5224"}],"curies":[{"name":"wp","href":"https:\/\/api.w.org\/{rel}","templated":true}]}}