{"id":8964,"date":"2026-01-09T06:24:23","date_gmt":"2026-01-09T06:24:23","guid":{"rendered":"https:\/\/boheme-beauty.com\/?page_id=8964"},"modified":"2026-04-14T12:17:39","modified_gmt":"2026-04-14T12:17:39","slug":"delivery-informations","status":"publish","type":"page","link":"https:\/\/boheme-beauty.com\/fr\/delivery-informations\/","title":{"rendered":"Informations de livraison"},"content":{"rendered":"<p>Merci d\u2019avoir fait vos achats chez Boheme Beauty. Ici, vous trouverez toutes les informations concernant nos m\u00e9thodes de livraison, les d\u00e9lais, les co\u00fbts et les d\u00e9tails de suivi des livraisons \u00e0 l\u2019int\u00e9rieur de <strong>UAE<\/strong> et \u00e0 l\u2019international.<\/p>\n\n\n\n<h2 class=\"wp-block-heading\"><strong>M\u00e9thodes de livraison<\/strong><\/h2>\n\n\n\n<h3 class=\"wp-block-heading\">Livraison standard \u2013 Livraison nationale (EAU)<\/h3>\n\n\n\n<p>Gratuit pour les commandes sup\u00e9rieures \u00e0 <strong>AED 200<\/strong>. <\/p>\n\n\n\n<p>Livraison standard : 22 AED \u2013 Heure limite pour la livraison le lendemain : 16h00<\/p>\n\n\n\n<p>Livraison express : 28 AED \u2013 Heure limite pour la livraison le jour m\u00eame : 14h00<\/p>\n\n\n\n<h3 class=\"wp-block-heading\">Livraison internationale<\/h3>\n\n\n\n<p>Nous livrons \u00e0 Bahre\u00efn, au Kowe\u00eft, \u00e0 Oman, au Qatar et en Arabie saoudite. Les d\u00e9lais de livraison varient selon la destination, mais prennent g\u00e9n\u00e9ralement <strong>5 \u00e0 6 jours ouvrables.<\/strong>Les frais de livraison sont calcul\u00e9s lors du paiement en fonction de la destination, \u00e0 partir de 50 AED.<\/p>\n\n\n\n<h2 class=\"wp-block-heading\"><strong>Suivi de commande<\/strong><\/h2>\n\n\n\n<p>Une fois votre commande exp\u00e9di\u00e9e, vous recevrez un e-mail de confirmation. Vous pouvez utiliser votre num\u00e9ro comme r\u00e9f\u00e9rence pour votre colis.<\/p>\n\n\n\n<p><\/p>","protected":false},"excerpt":{"rendered":"Thank you for shopping with Boheme Beauty . Here, you\u2019ll find all the information about our shipping methods,&hellip;","protected":false},"author":4,"featured_media":0,"parent":0,"menu_order":0,"comment_status":"closed","ping_status":"closed","template":"","meta":{"footnotes":""},"class_list":{"0":"post-8964","1":"page","2":"type-page","3":"status-publish","5":"mbf-entry"},"aioseo_notices":[],"_links":{"self":[{"href":"https:\/\/boheme-beauty.com\/fr\/wp-json\/wp\/v2\/pages\/8964","targetHints":{"allow":["GET"]}}],"collection":[{"href":"https:\/\/boheme-beauty.com\/fr\/wp-json\/wp\/v2\/pages"}],"about":[{"href":"https:\/\/boheme-beauty.com\/fr\/wp-json\/wp\/v2\/types\/page"}],"author":[{"embeddable":true,"href":"https:\/\/boheme-beauty.com\/fr\/wp-json\/wp\/v2\/users\/4"}],"replies":[{"embeddable":true,"href":"https:\/\/boheme-beauty.com\/fr\/wp-json\/wp\/v2\/comments?post=8964"}],"version-history":[{"count":6,"href":"https:\/\/boheme-beauty.com\/fr\/wp-json\/wp\/v2\/pages\/8964\/revisions"}],"predecessor-version":[{"id":10086,"href":"https:\/\/boheme-beauty.com\/fr\/wp-json\/wp\/v2\/pages\/8964\/revisions\/10086"}],"wp:attachment":[{"href":"https:\/\/boheme-beauty.com\/fr\/wp-json\/wp\/v2\/media?parent=8964"}],"curies":[{"name":"wp","href":"https:\/\/api.w.org\/{rel}","templated":true}]}}