{"id":7023,"date":"2025-01-08T05:18:28","date_gmt":"2025-01-08T05:18:28","guid":{"rendered":"https:\/\/labeaute.merchantsbestfriends.com\/?post_type=product&#038;p=7023"},"modified":"2026-04-24T11:14:57","modified_gmt":"2026-04-24T11:14:57","slug":"argan-oil-for-massage-musk","status":"publish","type":"product","link":"https:\/\/boheme-beauty.com\/fr\/produit\/argan-oil-for-massage-musk\/","title":{"rendered":"HUILE DE MASSAGE MUSC"},"content":{"rendered":"<p><strong>Bienfaits:<\/strong><\/p>\n<p>\u2713 Nourrit intens\u00e9ment<br \/>\n\u2713Lisse et adoucit<br \/>\n\u2713Illumine l'\u00e9clat<\/p>\n<p><strong>Utilisations:<\/strong><\/p>\n<p>Apr\u00e8s la douche, appliquez quelques gouttes sur toute la peau. Massez doucement jusqu'\u00e0 absorption, sans rin\u00e7age, pour une hydratation longue dur\u00e9e.<\/p>\n<p><span class=\"notranslate\"><strong>Ingredients:<\/strong><\/span><\/p>\n<p>Prunus amygdalus dulcis oil , Argania spinosa kernel oil, Glycine soja oil (Soybean), Tocopherol, Parfum \/ Amber Musk fragrance<\/p>","protected":false},"excerpt":{"rendered":"ARGAN OIL FOR MASSAGE MUSK\nThe Musk massage oil made with pure argan oil and plant oils offers a soothing and nourishing experience.\nIt hydrates and softens the skin while promoting relaxation with its calming properties.\nRich in vitamin E, argan oil helps improve skin elasticity, while the added plant oils provide deep nourishment.\nPerfect for a revitalizing massage, it leaves the skin soft and delicately scented, turning every moment into a true wellness ritual.","protected":false},"featured_media":9067,"comment_status":"open","ping_status":"closed","template":"","meta":[],"product_brand":[],"product_cat":[54,72],"product_tag":[81],"class_list":{"0":"post-7023","1":"product","2":"type-product","3":"status-publish","4":"has-post-thumbnail","6":"product_cat-best-sellers","7":"product_cat-body-care","8":"product_tag-argan-oil-for-massage","9":"mbf-entry","11":"first","12":"instock","13":"taxable","14":"shipping-taxable","15":"purchasable","16":"product-type-variable","17":"has-default-attributes"},"aioseo_notices":[],"_links":{"self":[{"href":"https:\/\/boheme-beauty.com\/fr\/wp-json\/wp\/v2\/product\/7023","targetHints":{"allow":["GET"]}}],"collection":[{"href":"https:\/\/boheme-beauty.com\/fr\/wp-json\/wp\/v2\/product"}],"about":[{"href":"https:\/\/boheme-beauty.com\/fr\/wp-json\/wp\/v2\/types\/product"}],"replies":[{"embeddable":true,"href":"https:\/\/boheme-beauty.com\/fr\/wp-json\/wp\/v2\/comments?post=7023"}],"wp:featuredmedia":[{"embeddable":true,"href":"https:\/\/boheme-beauty.com\/fr\/wp-json\/wp\/v2\/media\/9067"}],"wp:attachment":[{"href":"https:\/\/boheme-beauty.com\/fr\/wp-json\/wp\/v2\/media?parent=7023"}],"wp:term":[{"taxonomy":"product_brand","embeddable":true,"href":"https:\/\/boheme-beauty.com\/fr\/wp-json\/wp\/v2\/product_brand?post=7023"},{"taxonomy":"product_cat","embeddable":true,"href":"https:\/\/boheme-beauty.com\/fr\/wp-json\/wp\/v2\/product_cat?post=7023"},{"taxonomy":"product_tag","embeddable":true,"href":"https:\/\/boheme-beauty.com\/fr\/wp-json\/wp\/v2\/product_tag?post=7023"}],"curies":[{"name":"wp","href":"https:\/\/api.w.org\/{rel}","templated":true}]}}