{"id":7507,"date":"2025-01-06T12:09:22","date_gmt":"2025-01-06T12:09:22","guid":{"rendered":"https:\/\/boheme-beauty.com\/?post_type=product&#038;p=7507"},"modified":"2026-02-26T16:28:40","modified_gmt":"2026-02-26T16:28:40","slug":"glow-collection","status":"publish","type":"product","link":"https:\/\/boheme-beauty.com\/fr\/produit\/glow-collection\/","title":{"rendered":"Glow Collection"},"content":{"rendered":"<p><strong>Bienfaits:<\/strong><\/p>\n<p><strong>\u2713 S\u00e9rum \u00c9clat 30 ml :<\/strong> Combat les signes de l\u2019\u00e2ge gr\u00e2ce \u00e0 la vitamine E et aux antioxydants. Unifie le teint en r\u00e9duisant les taches brunes. Hydrate en profondeur avec l\u2019acide hyaluronique. Att\u00e9nue l\u2019apparence des cernes.<br \/>\n<strong>\u2713 Cr\u00e8me \u00c9clat 50 ml :<\/strong> Effet peeling doux, hydratation intense, aide \u00e0 r\u00e9duire et pr\u00e9venir les dommages li\u00e9s au dess\u00e8chement, tout en diminuant l\u2019apparence des cernes.<br \/>\n<strong>\u2713 Masque \u00c9clat 50 ml :<\/strong>Apporte une radiance naturelle, enrichi en antioxydants, ainsi qu\u2019en vitamines B, E, C et A.<\/p>\n<p><strong>Utilisations:<\/strong><\/p>\n<p><strong>\u2713 S\u00e9rum \u00c9clat 30 ml :<\/strong> Appliquez quelques gouttes sur une peau parfaitement nettoy\u00e9e, massez d\u00e9licatement vers le haut. Utilisez chaque soir pour r\u00e9v\u00e9ler une peau visiblement plus lisse et \u00e9clatante.<br \/>\n<strong>\u2713 Cr\u00e8me \u00c9clat 50 ml :<\/strong> Appliquez une quantit\u00e9 suffisante de cr\u00e8me \u00e9clat sur le visage et le cou propres, massez doucement en mouvements circulaires vers le haut pour une meilleure absorption. \nAttendez quelques minutes que la cr\u00e8me p\u00e9n\u00e8tre avant d'appliquer le maquillage et utilisez-la chaque matin pour une protection optimale contre les rayons UV.<br \/>\n<strong>\u2713 Masque \u00c9clat 50 ml :<\/strong> Appliquez le sur le visage propre en \u00e9vitant le contour des yeux. Laissez poser 10 \u00e0 15 minutes, puis rincez abondamment \u00e0 l'eau ti\u00e8de jusqu'\u00e0 \u00e9limination compl\u00e8te. Utilisez 1 \u00e0 2 fois par semaine pour de meilleurs r\u00e9sultats. Cessez l'utilisation en cas d'irritation.<\/p>\n<p><strong>Ingredients:<\/strong><br \/>\n<span class=\"notranslate\"><br \/>\n<strong>\u2713 S\u00e9rum \u00c9clat 30 ml :<\/strong> Argania spinosa kernel oil, Prunus amygdalus dulcis oil, Opuntia ficus-indica seed oil, Glycine soja, Cera alba, Hyaluronic acid<br \/>\n<strong>\u2713 Cr\u00e8me \u00c9clat 50 ml :<\/strong> Aqua\/water, Cera alba, Argania spinosa kernel oil, Prunus amygdalus dulcis oil, Polyglyceryl-2 Dipolyhydroxystearate, Glycerin, Opuntia ficus-indica seed oil, Ascorbic acid, Butyrospermum parkii butter, Dibutyl Adipate , Diethylamino Hydroxybenzoyl Hexyl Benzoate , Ethylhexyl Methoxycinnamate , Laureth-7 Citrate, Lauryl Glucoside, Psidium Guajava Fruit Extract, Carica papaya fruit extract, Ethylhexyl Triazone , Bis-Ethylhexyloxyphenol Methoxyphenyl Triazine, Tartaric acid, Disodium EDTA, Sodium Sulfite, Sodium Metabisulfite, Butylene Glycol, Saxifraga Sarmentosa Extract, Glyceryl stearate, Cetyl alcohol, Ceteareth-20, Stearic acid, Crocus sativus flower extract, Parfum, Benzyl alcohol, Dehydroacetic acid<br \/>\n<strong>\u2713 Masque \u00c9clat 50 ml :<\/strong> Kaolin, Aqua (water), Mel, Prunus amygdalus amara kernel oil, Argania spinosa kernel oil, Crocus sativus stigma extract, Citrus aurantium dulcis peel oil, Ascorbic acid<\/span><\/p>","protected":false},"excerpt":{"rendered":"GLOW COLLECTION\nDiscover three iconic Boh\u00e8me face care products to awaken your senses.\nThis Face Care Set contains:\n\u2713Glow Serum 30 ml\n\u2713Glow Cream 50 ml\n\u2713Glow Mask 50 ml","protected":false},"featured_media":9199,"comment_status":"open","ping_status":"closed","template":"","meta":[],"product_brand":[],"product_cat":[69],"product_tag":[],"class_list":{"0":"post-7507","1":"product","2":"type-product","3":"status-publish","4":"has-post-thumbnail","6":"product_cat-gift-value-set","7":"mbf-entry","9":"first","10":"instock","11":"taxable","12":"shipping-taxable","13":"purchasable","14":"product-type-simple"},"aioseo_notices":[],"_links":{"self":[{"href":"https:\/\/boheme-beauty.com\/fr\/wp-json\/wp\/v2\/product\/7507","targetHints":{"allow":["GET"]}}],"collection":[{"href":"https:\/\/boheme-beauty.com\/fr\/wp-json\/wp\/v2\/product"}],"about":[{"href":"https:\/\/boheme-beauty.com\/fr\/wp-json\/wp\/v2\/types\/product"}],"replies":[{"embeddable":true,"href":"https:\/\/boheme-beauty.com\/fr\/wp-json\/wp\/v2\/comments?post=7507"}],"wp:featuredmedia":[{"embeddable":true,"href":"https:\/\/boheme-beauty.com\/fr\/wp-json\/wp\/v2\/media\/9199"}],"wp:attachment":[{"href":"https:\/\/boheme-beauty.com\/fr\/wp-json\/wp\/v2\/media?parent=7507"}],"wp:term":[{"taxonomy":"product_brand","embeddable":true,"href":"https:\/\/boheme-beauty.com\/fr\/wp-json\/wp\/v2\/product_brand?post=7507"},{"taxonomy":"product_cat","embeddable":true,"href":"https:\/\/boheme-beauty.com\/fr\/wp-json\/wp\/v2\/product_cat?post=7507"},{"taxonomy":"product_tag","embeddable":true,"href":"https:\/\/boheme-beauty.com\/fr\/wp-json\/wp\/v2\/product_tag?post=7507"}],"curies":[{"name":"wp","href":"https:\/\/api.w.org\/{rel}","templated":true}]}}