{"id":7511,"date":"2025-01-06T12:08:35","date_gmt":"2025-01-06T12:08:35","guid":{"rendered":"https:\/\/boheme-beauty.com\/?post_type=product&#038;p=7511"},"modified":"2026-03-31T15:08:19","modified_gmt":"2026-03-31T15:08:19","slug":"boheme-men-box","status":"publish","type":"product","link":"https:\/\/boheme-beauty.com\/fr\/produit\/boheme-men-box\/","title":{"rendered":"Coffret Homme"},"content":{"rendered":"<p>&nbsp;<\/p>\n<p><strong>Bienfaits:<\/strong><\/p>\n<p><strong>\u2713Lotion apr\u00e8s-rasage 100 ml :<\/strong> Calme les br\u00fblures et hydrate la peau. Riche en huile d'argan, gel d'aloe vera et beurre de karit\u00e9, la peau est intens\u00e9ment hydrat\u00e9e.<br \/>\n<strong>\u2713Huile \u00e0 barbe 50 ml :<\/strong> Hydrate chaque poil, l'assouplit, le nourrit et aide \u00e0 le maintenir en bonne sant\u00e9. Riche en huile d'argan et huile d'amande.<br \/>\n<strong>\u2713Huile de figue de barbarie 100% Pure 15 ml :<\/strong> Nourrit gr\u00e2ce aux vitamines E et A, combat les signes de l'\u00e2ge, favorise l'\u00e9lasticit\u00e9 pour r\u00e9duire les vergetures, unifie le teint et att\u00e9nue l'apparence des cernes.<\/p>\n<p><strong>Utilisations:<\/strong><\/p>\n<p><strong>\u2713Lotion apr\u00e8s-rasage 100 ml :<\/strong> Appliquer apr\u00e8s le rasage en massant doucement jusqu'\u00e0 absorption compl\u00e8te.<br \/>\n<strong>\u2713Huile \u00e0 barbe 50 ml :<\/strong> Appliquer matin et\/ou soir sur une barbe propre et s\u00e8che, pour permettre \u00e0 l'huile de barbe d'\u00eatre enti\u00e8rement absorb\u00e9e.<br \/>\n<strong>\u2713Huile de figue de barbarie 100% Pure 15 ml :<\/strong> Pour le corps, appliquer quelques gouttes sur une peau propre et s\u00e8che. Masser jusqu'\u00e0 absorption\/Pour les cheveux, appliquer sur les pointes ou les cheveux humides\/Pour les ongles, frotter sur les ongles et les cuticules pour renforcer et hydrater\/Pour le visage, appliquer quelques gouttes sur une peau nettoy\u00e9e et masser doucement pour hydrater.<\/p>\n<p><strong>Ingredients:<\/strong><br \/>\n<span class=\"notranslate\"><br \/>\n<strong>\u2713Lotion apr\u00e8s-rasage 100 ml :<\/strong> Aqua\/water, Butyrospermum parkii butter, Prunus amygdalus dulcis oil, Argania spinosa kernel oil, Glycerin, Aloe barbadensis leaf juice, Glyceryl stearate, Stearic acid, Cetyl alcohol, Cocos nucifera oil, Parfum, Benzyl alcohol, Dehydroacetic acid<br \/>\n<strong>\u2713Huile \u00e0 barbe 50 ml : <\/strong>Argania spinosa kernel oil, Prunus amygdalus dulcis oil, Olea europaea fruit oil, Parfum<br \/>\n<strong>\u2713Huile de figue de barbarie 100% Pure 15 ml :<\/strong> Opuntia ficus-indica seed oil 100% <\/span><\/p>","protected":false},"excerpt":{"rendered":"MEN&#8217;S SET\nThink to him, think of yourself! The effectiveness of Boh\u00e8me for men in a Boh\u00e8me Men Box.\nIt brings together the multi-function essentials of men&#8217;s care to take care of your skin every day.\nThis Face Care Set contains:\n\u2713After shave lotion 100 ml\n\u2713Beard Growth oil 50 ml\n\u2713Prickly Pear Seed Oil 100% 15 ml","protected":false},"featured_media":9187,"comment_status":"open","ping_status":"closed","template":"","meta":[],"product_brand":[],"product_cat":[69],"product_tag":[],"class_list":{"0":"post-7511","1":"product","2":"type-product","3":"status-publish","4":"has-post-thumbnail","6":"product_cat-gift-value-set","7":"mbf-entry","9":"first","10":"instock","11":"shipping-taxable","12":"purchasable","13":"product-type-simple"},"aioseo_notices":[],"_links":{"self":[{"href":"https:\/\/boheme-beauty.com\/fr\/wp-json\/wp\/v2\/product\/7511","targetHints":{"allow":["GET"]}}],"collection":[{"href":"https:\/\/boheme-beauty.com\/fr\/wp-json\/wp\/v2\/product"}],"about":[{"href":"https:\/\/boheme-beauty.com\/fr\/wp-json\/wp\/v2\/types\/product"}],"replies":[{"embeddable":true,"href":"https:\/\/boheme-beauty.com\/fr\/wp-json\/wp\/v2\/comments?post=7511"}],"wp:featuredmedia":[{"embeddable":true,"href":"https:\/\/boheme-beauty.com\/fr\/wp-json\/wp\/v2\/media\/9187"}],"wp:attachment":[{"href":"https:\/\/boheme-beauty.com\/fr\/wp-json\/wp\/v2\/media?parent=7511"}],"wp:term":[{"taxonomy":"product_brand","embeddable":true,"href":"https:\/\/boheme-beauty.com\/fr\/wp-json\/wp\/v2\/product_brand?post=7511"},{"taxonomy":"product_cat","embeddable":true,"href":"https:\/\/boheme-beauty.com\/fr\/wp-json\/wp\/v2\/product_cat?post=7511"},{"taxonomy":"product_tag","embeddable":true,"href":"https:\/\/boheme-beauty.com\/fr\/wp-json\/wp\/v2\/product_tag?post=7511"}],"curies":[{"name":"wp","href":"https:\/\/api.w.org\/{rel}","templated":true}]}}