{"id":7526,"date":"2025-01-06T12:07:24","date_gmt":"2025-01-06T12:07:24","guid":{"rendered":"https:\/\/boheme-beauty.com\/?post_type=product&#038;p=7526"},"modified":"2026-04-09T06:44:19","modified_gmt":"2026-04-09T06:44:19","slug":"boheme-sensation-box","status":"publish","type":"product","link":"https:\/\/boheme-beauty.com\/fr\/produit\/boheme-sensation-box\/","title":{"rendered":"Coffret Iconic"},"content":{"rendered":"<p><strong>Bienfaits:<\/strong><\/p>\n<p><strong>\u2713Huile de figue de barbarie 100% Pure 30 ml :<\/strong> Nourrit gr\u00e2ce aux vitamines E et A, combat les signes de l'\u00e2ge, favorise l'\u00e9lasticit\u00e9 pour r\u00e9duire les vergetures, unifie le teint et att\u00e9nue l'apparence des cernes.<br \/>\n<strong>\u2713Huile d'Argan parfum\u00e9e 50 ml :<\/strong> Hydrate et adoucit la peau, am\u00e9liorant son \u00e9lasticit\u00e9 et sa texture. Pour les cheveux, elle apporte brillance et protection. Elle renforce les ongles et pr\u00e9vient la casse. Appliqu\u00e9e sur le corps, elle laisse la peau douce et satin\u00e9e.<br \/>\n<strong>\u2713Huile d'argan de massage Parfum\u00e9e  100 ml :<\/strong> Riche en vitamine E, l'huile d'argan contribue \u00e0 am\u00e9liorer l'\u00e9lasticit\u00e9 de la peau, tandis que les huiles v\u00e9g\u00e9tales ajout\u00e9es la nourrissent en profondeur. Id\u00e9ale pour un massage revitalisant.<\/p>\n<p><strong>Utilisations:<\/strong><\/p>\n<p><strong>\u2713Huile de figue de barbarie 100% Pure 30 ml :<\/strong> Pour le visage et le corps, appliquez quelques gouttes sur une peau propre et s\u00e8che. Massez jusqu'\u00e0 absorption. Pour les cheveux, appliquez sur les pointes ou les cheveux humides. Pour les ongles, frottez sur les ongles et les cuticules pour renforcer et hydrater.<br \/>\n<strong>\u2713Huile d'Argan parfum\u00e9e 50 ml :<\/strong> Apr\u00e8s la douche, appliquez quelques gouttes sur toute la peau. Massez doucement jusqu'\u00e0 absorption, sans rincer, pour une hydratation longue dur\u00e9e. Utilisez-le quotidiennement pour des r\u00e9sultats optimaux<br \/>\n<strong>\u2713Scented Massage Argan Oil 100 ml:<\/strong> Apr\u00e8s la douche, appliquez quelques gouttes sur toute la peau. Massez doucement jusqu'\u00e0 absorption, sans rin\u00e7age, pour une hydratation longue dur\u00e9e.<\/p>\n<p><strong>Ingredients:<\/strong><br \/>\n<span class=\"notranslate\"><br \/>\n<strong>\u2713Huile de figue de barbarie 100% Pure 30 ml :<\/strong>Opuntia ficus-indica seed oil 100%<br \/>\n<strong>\u2713Huile d'Argan parfum\u00e9e 50 ml :<\/strong>\u00a0 Argania spinosa kernel oil 99.9% , Parfum (Fragrance)<br \/>\n<strong>\u2713Huile d'argan de massage Parfum\u00e9e  100 ml :<\/strong> Prunus amygdalus dulcis oil , Argania spinosa kernel oil, Glycine soja oil (Soybean), Tocopherol, Parfum \/ fragrance<br \/>\n<\/span><\/p>","protected":false},"excerpt":{"rendered":"ICONIC SET\nDiscover three iconic Boh\u00e8me products for all .\nThis Set contains:\n\u2713Prickly Pear Seed Oil 100% 30 ml\n\u2713Scented Argan Oil 50 ml\n\u2713Scented Massage Argan Oil 100 ml","protected":false},"featured_media":9190,"comment_status":"open","ping_status":"closed","template":"","meta":[],"product_brand":[],"product_cat":[69],"product_tag":[],"class_list":{"0":"post-7526","1":"product","2":"type-product","3":"status-publish","4":"has-post-thumbnail","6":"product_cat-gift-value-set","7":"mbf-entry","9":"first","10":"instock","11":"taxable","12":"shipping-taxable","13":"purchasable","14":"product-type-composite"},"aioseo_notices":[],"_links":{"self":[{"href":"https:\/\/boheme-beauty.com\/fr\/wp-json\/wp\/v2\/product\/7526","targetHints":{"allow":["GET"]}}],"collection":[{"href":"https:\/\/boheme-beauty.com\/fr\/wp-json\/wp\/v2\/product"}],"about":[{"href":"https:\/\/boheme-beauty.com\/fr\/wp-json\/wp\/v2\/types\/product"}],"replies":[{"embeddable":true,"href":"https:\/\/boheme-beauty.com\/fr\/wp-json\/wp\/v2\/comments?post=7526"}],"wp:featuredmedia":[{"embeddable":true,"href":"https:\/\/boheme-beauty.com\/fr\/wp-json\/wp\/v2\/media\/9190"}],"wp:attachment":[{"href":"https:\/\/boheme-beauty.com\/fr\/wp-json\/wp\/v2\/media?parent=7526"}],"wp:term":[{"taxonomy":"product_brand","embeddable":true,"href":"https:\/\/boheme-beauty.com\/fr\/wp-json\/wp\/v2\/product_brand?post=7526"},{"taxonomy":"product_cat","embeddable":true,"href":"https:\/\/boheme-beauty.com\/fr\/wp-json\/wp\/v2\/product_cat?post=7526"},{"taxonomy":"product_tag","embeddable":true,"href":"https:\/\/boheme-beauty.com\/fr\/wp-json\/wp\/v2\/product_tag?post=7526"}],"curies":[{"name":"wp","href":"https:\/\/api.w.org\/{rel}","templated":true}]}}