{"id":7548,"date":"2025-01-08T05:36:54","date_gmt":"2025-01-08T05:36:54","guid":{"rendered":"https:\/\/boheme-beauty.com\/?post_type=product&#038;p=7548"},"modified":"2026-02-20T11:26:41","modified_gmt":"2026-02-20T11:26:41","slug":"argan-oil-dates","status":"publish","type":"product","link":"https:\/\/boheme-beauty.com\/fr\/produit\/argan-oil-dates\/","title":{"rendered":"HUILE D'ARGAN DATTES"},"content":{"rendered":"<p><strong>Bienfaits: <\/strong><\/p>\n<p>\u2713Hydrate la peau s\u00e8che<br \/>\n\u2713 Adoucit la peau<br \/>\n\u2713 R\u00e9duction des vergetures et des cicatrices<br \/>\n\u2713Nourrit et renforce les cheveux<br \/>\n\u2713 Parfume d\u00e9licatement<\/p>\n<p>&nbsp;<\/p>\n<p><strong>Utilisations:<\/strong><\/p>\n<p>\u2713 Utilisez-la quotidiennement pour des r\u00e9sultats optimaux.<br \/>\n\u2713 Apr\u00e8s la douche, appliquez quelques gouttes sur toute la peau. Massez doucement jusqu'\u00e0 absorption, sans rin\u00e7age, pour une hydratation longue dur\u00e9e.<br \/>\n\u2713 M\u00e9langez-la avec l'huile de p\u00e9pins de figue de barbarie Boh\u00e8me pour une nutrition et une protection suppl\u00e9mentaires<\/p>\n<p>&nbsp;<\/p>\n<p><strong>Ingredients:<\/strong><\/p>\n<p>99.9% Argania spinosa kernel oil, Parfum (Fragrance)<\/p>","protected":false},"excerpt":{"rendered":"ARGAN OIL DATES\nA prodigious oil combining the nourishing benefits of argan oil with a delicate scent of Dates.\nRich in vitamin E, it hydrates and softens the skin, improving its elasticity and texture. For hair, it adds shine and protection against damage. In addition, it strengthens nails and prevents breakage.\nApplied to the body, it leaves the skin soft and satin-smooth, while offering an enchanting scent.\n99.9% Pure Argan Oil\n&nbsp;","protected":false},"featured_media":9049,"comment_status":"open","ping_status":"closed","template":"","meta":[],"product_brand":[],"product_cat":[54,72],"product_tag":[80],"class_list":{"0":"post-7548","1":"product","2":"type-product","3":"status-publish","4":"has-post-thumbnail","6":"product_cat-best-sellers","7":"product_cat-body-care","8":"product_tag-argan-oil-100","9":"mbf-entry","11":"first","12":"instock","13":"shipping-taxable","14":"purchasable","15":"product-type-variable","16":"has-default-attributes"},"aioseo_notices":[],"_links":{"self":[{"href":"https:\/\/boheme-beauty.com\/fr\/wp-json\/wp\/v2\/product\/7548","targetHints":{"allow":["GET"]}}],"collection":[{"href":"https:\/\/boheme-beauty.com\/fr\/wp-json\/wp\/v2\/product"}],"about":[{"href":"https:\/\/boheme-beauty.com\/fr\/wp-json\/wp\/v2\/types\/product"}],"replies":[{"embeddable":true,"href":"https:\/\/boheme-beauty.com\/fr\/wp-json\/wp\/v2\/comments?post=7548"}],"wp:featuredmedia":[{"embeddable":true,"href":"https:\/\/boheme-beauty.com\/fr\/wp-json\/wp\/v2\/media\/9049"}],"wp:attachment":[{"href":"https:\/\/boheme-beauty.com\/fr\/wp-json\/wp\/v2\/media?parent=7548"}],"wp:term":[{"taxonomy":"product_brand","embeddable":true,"href":"https:\/\/boheme-beauty.com\/fr\/wp-json\/wp\/v2\/product_brand?post=7548"},{"taxonomy":"product_cat","embeddable":true,"href":"https:\/\/boheme-beauty.com\/fr\/wp-json\/wp\/v2\/product_cat?post=7548"},{"taxonomy":"product_tag","embeddable":true,"href":"https:\/\/boheme-beauty.com\/fr\/wp-json\/wp\/v2\/product_tag?post=7548"}],"curies":[{"name":"wp","href":"https:\/\/api.w.org\/{rel}","templated":true}]}}