{"id":7574,"date":"2025-01-07T12:01:46","date_gmt":"2025-01-07T12:01:46","guid":{"rendered":"https:\/\/boheme-beauty.com\/?post_type=product&#038;p=7574"},"modified":"2026-04-24T11:16:04","modified_gmt":"2026-04-24T11:16:04","slug":"after-shave-lotion","status":"publish","type":"product","link":"https:\/\/boheme-beauty.com\/fr\/produit\/after-shave-lotion\/","title":{"rendered":"Lotion apr\u00e8s rasage"},"content":{"rendered":"<p><strong>Bienfaits:<\/strong><\/p>\n<p>\u2713Calme les br\u00fblures et hydrate la peau<br \/>\n\u2713Riche en huile d'argan, gel d'aloe vera et beurre de karit\u00e9, la peau est intens\u00e9ment hydrat\u00e9e<\/p>\n<p><strong>Utilisations:<\/strong><\/p>\n<p>\u2713Appliquer apr\u00e8s le rasage en massant doucement jusqu'\u00e0 absorption compl\u00e8te<\/p>\n<p><strong>Ingredients:<\/strong><\/p>\n<p><span class=\"notranslate\">Aqua\/water, Butyrospermum parkii butter, Prunus amygdalus dulcis oil, Argania spinosa kernel oil, Glycerin, Aloe barbadensis leaf juice, Glyceryl stearate, Stearic acid, Cetyl alcohol, Cocos nucifera oil, Parfum, Benzyl alcohol, Dehydroacetic acid<br \/>\n<\/span><\/p>","protected":false},"excerpt":{"rendered":"Lotion apr\u00e8s rasage","protected":false},"featured_media":9123,"comment_status":"open","ping_status":"closed","template":"","meta":[],"product_brand":[],"product_cat":[56],"product_tag":[73],"class_list":{"0":"post-7574","1":"product","2":"type-product","3":"status-publish","4":"has-post-thumbnail","6":"product_cat-men","7":"product_tag-shave-treatment","8":"mbf-entry","10":"first","11":"instock","12":"taxable","13":"shipping-taxable","14":"purchasable","15":"product-type-variable","16":"has-default-attributes"},"aioseo_notices":[],"_links":{"self":[{"href":"https:\/\/boheme-beauty.com\/fr\/wp-json\/wp\/v2\/product\/7574","targetHints":{"allow":["GET"]}}],"collection":[{"href":"https:\/\/boheme-beauty.com\/fr\/wp-json\/wp\/v2\/product"}],"about":[{"href":"https:\/\/boheme-beauty.com\/fr\/wp-json\/wp\/v2\/types\/product"}],"replies":[{"embeddable":true,"href":"https:\/\/boheme-beauty.com\/fr\/wp-json\/wp\/v2\/comments?post=7574"}],"wp:featuredmedia":[{"embeddable":true,"href":"https:\/\/boheme-beauty.com\/fr\/wp-json\/wp\/v2\/media\/9123"}],"wp:attachment":[{"href":"https:\/\/boheme-beauty.com\/fr\/wp-json\/wp\/v2\/media?parent=7574"}],"wp:term":[{"taxonomy":"product_brand","embeddable":true,"href":"https:\/\/boheme-beauty.com\/fr\/wp-json\/wp\/v2\/product_brand?post=7574"},{"taxonomy":"product_cat","embeddable":true,"href":"https:\/\/boheme-beauty.com\/fr\/wp-json\/wp\/v2\/product_cat?post=7574"},{"taxonomy":"product_tag","embeddable":true,"href":"https:\/\/boheme-beauty.com\/fr\/wp-json\/wp\/v2\/product_tag?post=7574"}],"curies":[{"name":"wp","href":"https:\/\/api.w.org\/{rel}","templated":true}]}}