{"id":7576,"date":"2025-01-07T12:00:47","date_gmt":"2025-01-07T12:00:47","guid":{"rendered":"https:\/\/boheme-beauty.com\/?post_type=product&#038;p=7576"},"modified":"2026-04-24T11:16:10","modified_gmt":"2026-04-24T11:16:10","slug":"beard-growth-oil","status":"publish","type":"product","link":"https:\/\/boheme-beauty.com\/fr\/produit\/beard-growth-oil\/","title":{"rendered":"Huile \u00e0 barbe"},"content":{"rendered":"<p><strong>Bienfaits: <\/strong><\/p>\n<p>\u2713Hydrate chaque cheveu, l'assouplit, le nourrit et contribue \u00e0 le maintenir en bonne sant\u00e9<br \/>\n\u2713Riche en huile d'argan et en huile d'amande, chaque cheveu est intens\u00e9ment hydrat\u00e9<\/p>\n<p><strong>Utilisations:<\/strong><\/p>\n<p>\u2713Appliquer matin et\/ou soir sur une barbe propre et s\u00e8che, pour permettre \u00e0 l'huile \u00e0 barbe d'\u00eatre compl\u00e8tement absorb\u00e9e.<\/p>\n<p><strong>Ingredients:<\/strong><\/p>\n<p>Argania spinosa kernel oil, Prunus amygdalus dulcis oil, Olea europaea fruit oil, Parfum<\/p>","protected":false},"excerpt":{"rendered":"Huile \u00e0 barbe","protected":false},"featured_media":9114,"comment_status":"open","ping_status":"closed","template":"","meta":[],"product_brand":[],"product_cat":[56],"product_tag":[73],"class_list":{"0":"post-7576","1":"product","2":"type-product","3":"status-publish","4":"has-post-thumbnail","6":"product_cat-men","7":"product_tag-shave-treatment","8":"mbf-entry","10":"first","11":"instock","12":"taxable","13":"shipping-taxable","14":"purchasable","15":"product-type-variable","16":"has-default-attributes"},"aioseo_notices":[],"_links":{"self":[{"href":"https:\/\/boheme-beauty.com\/fr\/wp-json\/wp\/v2\/product\/7576","targetHints":{"allow":["GET"]}}],"collection":[{"href":"https:\/\/boheme-beauty.com\/fr\/wp-json\/wp\/v2\/product"}],"about":[{"href":"https:\/\/boheme-beauty.com\/fr\/wp-json\/wp\/v2\/types\/product"}],"replies":[{"embeddable":true,"href":"https:\/\/boheme-beauty.com\/fr\/wp-json\/wp\/v2\/comments?post=7576"}],"wp:featuredmedia":[{"embeddable":true,"href":"https:\/\/boheme-beauty.com\/fr\/wp-json\/wp\/v2\/media\/9114"}],"wp:attachment":[{"href":"https:\/\/boheme-beauty.com\/fr\/wp-json\/wp\/v2\/media?parent=7576"}],"wp:term":[{"taxonomy":"product_brand","embeddable":true,"href":"https:\/\/boheme-beauty.com\/fr\/wp-json\/wp\/v2\/product_brand?post=7576"},{"taxonomy":"product_cat","embeddable":true,"href":"https:\/\/boheme-beauty.com\/fr\/wp-json\/wp\/v2\/product_cat?post=7576"},{"taxonomy":"product_tag","embeddable":true,"href":"https:\/\/boheme-beauty.com\/fr\/wp-json\/wp\/v2\/product_tag?post=7576"}],"curies":[{"name":"wp","href":"https:\/\/api.w.org\/{rel}","templated":true}]}}