{"id":7605,"date":"2025-01-08T05:00:14","date_gmt":"2025-01-08T05:00:14","guid":{"rendered":"https:\/\/boheme-beauty.com\/?post_type=product&#038;p=7605"},"modified":"2026-04-24T11:15:53","modified_gmt":"2026-04-24T11:15:53","slug":"anti-cellulite-massage-oil-2","status":"publish","type":"product","link":"https:\/\/boheme-beauty.com\/fr\/produit\/anti-cellulite-massage-oil-2\/","title":{"rendered":"Huile de massage Anti-Cellulite 100 ml"},"content":{"rendered":"<p><strong> Bienfaits:<\/strong><\/p>\n<p>\u2713Lisse la peau et r\u00e9duit les capitons gr\u00e2ce \u00e0 la vitamine E.<br \/>\n\u2713Raffermie et tonifie la peau pour un look sculpt\u00e9 gr\u00e2ce \u00e0 la vitamine A.<br \/>\n\u2713Stimule la circulation pour une peau plus saine gr\u00e2ce \u00e0 la vitamine D.<\/p>\n<p>&nbsp;<\/p>\n<p><strong>Utilisations:<\/strong><\/p>\n<p>\u2713Appliquer sur la peau s\u00e8che ou humide<br \/>\n\u2713Masser en mouvements circulaires jusqu'\u00e0 absorption compl\u00e8te<br \/>\n\u2713Insister sur les zones cibl\u00e9es<br \/>\n\u2713Utiliser quotidiennement pour de meilleurs r\u00e9sultats<\/p>\n<p><strong>Ingredients:<\/strong><\/p>\n<p>Argania spinosa kernel oil, Prunus armeniaca kernel oil (apricot), Coco nucifera oil, Glycine soja oil (Soybean), Isopropyl myristate, Parfum, Tocopheryl Acetate<\/p>","protected":false},"excerpt":{"rendered":"Huile de massage Anti-Cellulite 100 ml","protected":false},"featured_media":9085,"comment_status":"open","ping_status":"closed","template":"","meta":[],"product_brand":[],"product_cat":[54,72],"product_tag":[87],"class_list":{"0":"post-7605","1":"product","2":"type-product","3":"status-publish","4":"has-post-thumbnail","6":"product_cat-best-sellers","7":"product_cat-body-care","8":"product_tag-anti-cellulite-massage-oil","9":"mbf-entry","11":"first","12":"instock","13":"taxable","14":"shipping-taxable","15":"purchasable","16":"product-type-variable","17":"has-default-attributes"},"aioseo_notices":[],"_links":{"self":[{"href":"https:\/\/boheme-beauty.com\/fr\/wp-json\/wp\/v2\/product\/7605","targetHints":{"allow":["GET"]}}],"collection":[{"href":"https:\/\/boheme-beauty.com\/fr\/wp-json\/wp\/v2\/product"}],"about":[{"href":"https:\/\/boheme-beauty.com\/fr\/wp-json\/wp\/v2\/types\/product"}],"replies":[{"embeddable":true,"href":"https:\/\/boheme-beauty.com\/fr\/wp-json\/wp\/v2\/comments?post=7605"}],"wp:featuredmedia":[{"embeddable":true,"href":"https:\/\/boheme-beauty.com\/fr\/wp-json\/wp\/v2\/media\/9085"}],"wp:attachment":[{"href":"https:\/\/boheme-beauty.com\/fr\/wp-json\/wp\/v2\/media?parent=7605"}],"wp:term":[{"taxonomy":"product_brand","embeddable":true,"href":"https:\/\/boheme-beauty.com\/fr\/wp-json\/wp\/v2\/product_brand?post=7605"},{"taxonomy":"product_cat","embeddable":true,"href":"https:\/\/boheme-beauty.com\/fr\/wp-json\/wp\/v2\/product_cat?post=7605"},{"taxonomy":"product_tag","embeddable":true,"href":"https:\/\/boheme-beauty.com\/fr\/wp-json\/wp\/v2\/product_tag?post=7605"}],"curies":[{"name":"wp","href":"https:\/\/api.w.org\/{rel}","templated":true}]}}