{"id":7607,"date":"2025-01-01T12:15:17","date_gmt":"2025-01-01T12:15:17","guid":{"rendered":"https:\/\/boheme-beauty.com\/?post_type=product&#038;p=7607"},"modified":"2026-05-02T18:47:23","modified_gmt":"2026-05-02T18:47:23","slug":"advanced-cream-repair","status":"publish","type":"product","link":"https:\/\/boheme-beauty.com\/fr\/produit\/advanced-cream-repair\/","title":{"rendered":"Cr\u00e8me de Jour"},"content":{"rendered":"<p><strong>Bienfaits:<\/strong><\/p>\n<p>\u2713Hydratant : Contient de la vitamine B5, qui aide \u00e0 attirer et \u00e0 retenir l'humidit\u00e9, gardant votre peau douce et hydrat\u00e9e.<br \/>\n\u2713Nourrissant : Riche en vitamine E provenant de l'huile d'amande douce et de l'huile d'argan, fournissant des nutriments essentiels pour une peau saine et \u00e9lastique.<br \/>\n\u2713Assouplissant : La vitamine A du beurre de karit\u00e9 aide \u00e0 pr\u00e9venir la s\u00e9cheresse et assure une hydratation longue dur\u00e9e.<br \/>\n\u2713Adoucissant : Fournit des acides gras essentiels qui aident \u00e0 lisser et \u00e0 adoucir la peau, am\u00e9liorant sa texture globale.<br \/>\n\u2713Protecteur : Les antioxydants aident \u00e0 prot\u00e9ger la peau des facteurs de stress environnementaux et \u00e0 lui conserver une apparence jeune.<\/p>\n<p>&nbsp;<\/p>\n<p><strong>Utilisations:<\/strong><\/p>\n<p>Appliquez une petite quantit\u00e9 de cr\u00e8me uniform\u00e9ment sur votre visage et votre cou nettoy\u00e9s au pr\u00e9alable et massez doucement en mouvements circulaires vers le haut, laissez absorber pendant quelques minutes.<br \/>\nUtilisez chaque matin pour de meilleurs r\u00e9sultats.<\/p>\n<p>&nbsp;<\/p>\n<p><strong>Ingredients:<\/strong><\/p>\n<p>Aqua\/water, Butyrospermum parkii butter, Cera alba, Argania spinosa kernel oil, Glycerin, Prunus amygdalus dulcis oil, Ceteareth-20 , Rosa damascena extract parfum, Stearic acid, Cetyl alcohol, Glyceryl stearate, Benzyl alcohol, Dehydroacetic acid<\/p>","protected":false},"excerpt":{"rendered":"Cr\u00e8me de Jour","protected":false},"featured_media":9086,"comment_status":"open","ping_status":"closed","template":"","meta":[],"product_brand":[],"product_cat":[78],"product_tag":[84],"class_list":{"0":"post-7607","1":"product","2":"type-product","3":"status-publish","4":"has-post-thumbnail","6":"product_cat-face-care","7":"product_tag-creams-moisturizers","8":"mbf-entry","10":"first","11":"instock","12":"taxable","13":"shipping-taxable","14":"purchasable","15":"product-type-variable","16":"has-default-attributes"},"aioseo_notices":[],"_links":{"self":[{"href":"https:\/\/boheme-beauty.com\/fr\/wp-json\/wp\/v2\/product\/7607","targetHints":{"allow":["GET"]}}],"collection":[{"href":"https:\/\/boheme-beauty.com\/fr\/wp-json\/wp\/v2\/product"}],"about":[{"href":"https:\/\/boheme-beauty.com\/fr\/wp-json\/wp\/v2\/types\/product"}],"replies":[{"embeddable":true,"href":"https:\/\/boheme-beauty.com\/fr\/wp-json\/wp\/v2\/comments?post=7607"}],"wp:featuredmedia":[{"embeddable":true,"href":"https:\/\/boheme-beauty.com\/fr\/wp-json\/wp\/v2\/media\/9086"}],"wp:attachment":[{"href":"https:\/\/boheme-beauty.com\/fr\/wp-json\/wp\/v2\/media?parent=7607"}],"wp:term":[{"taxonomy":"product_brand","embeddable":true,"href":"https:\/\/boheme-beauty.com\/fr\/wp-json\/wp\/v2\/product_brand?post=7607"},{"taxonomy":"product_cat","embeddable":true,"href":"https:\/\/boheme-beauty.com\/fr\/wp-json\/wp\/v2\/product_cat?post=7607"},{"taxonomy":"product_tag","embeddable":true,"href":"https:\/\/boheme-beauty.com\/fr\/wp-json\/wp\/v2\/product_tag?post=7607"}],"curies":[{"name":"wp","href":"https:\/\/api.w.org\/{rel}","templated":true}]}}