{"id":7626,"date":"2025-01-01T12:14:16","date_gmt":"2025-01-01T12:14:16","guid":{"rendered":"https:\/\/boheme-beauty.com\/?post_type=product&#038;p=7626"},"modified":"2026-04-09T06:44:19","modified_gmt":"2026-04-09T06:44:19","slug":"glow-cream","status":"publish","type":"product","link":"https:\/\/boheme-beauty.com\/fr\/produit\/glow-cream\/","title":{"rendered":"Cr\u00e8me \u00c9clat"},"content":{"rendered":"<p><strong>Bienfaits:<\/strong><\/p>\n<p>\u2713 Peeling doux : exfolie la peau pour \u00e9liminer les cellules mortes, favorisant un teint plus lisse et plus lumineux.<br \/>\n\u2713 Hydratation profonde : impr\u00e8gne la peau d\u2019une dose intense d\u2019hydratation, la laissant douce, rebondie et parfaitement nourrie tout au long de la journ\u00e9e.<br \/>\n\u2713 R\u00e9duit la pigmentation : aide \u00e0 \u00e9claircir les taches brunes et \u00e0 uniformiser le teint pour une apparence plus uniforme.<\/p>\n<p>&nbsp;<\/p>\n<p><strong>Utilisations:<\/strong><\/p>\n<p>Appliquez une quantit\u00e9 suffisante de cr\u00e8me \u00e9clat sur le visage et le cou propres, massez doucement en mouvements circulaires vers le haut pour une meilleure absorption. \nAttendez quelques minutes que la cr\u00e8me p\u00e9n\u00e8tre avant d'appliquer le maquillage et utilisez-la chaque matin pour une protection optimale contre les rayons UV.<\/p>\n<p>&nbsp;<\/p>\n<p><strong>Ingredients:<\/strong><br \/>\n<span class=\"notranslate\"><br \/>\nAqua\/water, Cera alba, Argania spinosa kernel oil, Prunus amygdalus dulcis oil, Polyglyceryl-2 Dipolyhydroxystearate, Glycerin, Opuntia ficus-indica seed oil, Ascorbic acid, Butyrospermum parkii butter, Dibutyl Adipate , Diethylamino Hydroxybenzoyl Hexyl Benzoate , Ethylhexyl Methoxycinnamate , Laureth-7 Citrate, Lauryl Glucoside, Psidium Guajava Fruit Extract, Carica papaya fruit extract, Ethylhexyl Triazone , Bis-Ethylhexyloxyphenol Methoxyphenyl Triazine, Tartaric acid, Disodium EDTA, Sodium Sulfite, Sodium Metabisulfite, Butylene Glycol, Saxifraga Sarmentosa Extract, Glyceryl stearate, Cetyl alcohol, Ceteareth-20, Stearic acid, Crocus sativus flower extract, Parfum, Benzyl alcohol, Dehydroacetic acid<br \/>\n<\/span><\/p>","protected":false},"excerpt":{"rendered":"\u00a0Cr\u00e8me \u00c9clat","protected":false},"featured_media":9089,"comment_status":"open","ping_status":"closed","template":"","meta":[],"product_brand":[],"product_cat":[78],"product_tag":[84],"class_list":{"0":"post-7626","1":"product","2":"type-product","3":"status-publish","4":"has-post-thumbnail","6":"product_cat-face-care","7":"product_tag-creams-moisturizers","8":"mbf-entry","10":"first","11":"instock","12":"shipping-taxable","13":"purchasable","14":"product-type-variable","15":"has-default-attributes"},"aioseo_notices":[],"_links":{"self":[{"href":"https:\/\/boheme-beauty.com\/fr\/wp-json\/wp\/v2\/product\/7626","targetHints":{"allow":["GET"]}}],"collection":[{"href":"https:\/\/boheme-beauty.com\/fr\/wp-json\/wp\/v2\/product"}],"about":[{"href":"https:\/\/boheme-beauty.com\/fr\/wp-json\/wp\/v2\/types\/product"}],"replies":[{"embeddable":true,"href":"https:\/\/boheme-beauty.com\/fr\/wp-json\/wp\/v2\/comments?post=7626"}],"wp:featuredmedia":[{"embeddable":true,"href":"https:\/\/boheme-beauty.com\/fr\/wp-json\/wp\/v2\/media\/9089"}],"wp:attachment":[{"href":"https:\/\/boheme-beauty.com\/fr\/wp-json\/wp\/v2\/media?parent=7626"}],"wp:term":[{"taxonomy":"product_brand","embeddable":true,"href":"https:\/\/boheme-beauty.com\/fr\/wp-json\/wp\/v2\/product_brand?post=7626"},{"taxonomy":"product_cat","embeddable":true,"href":"https:\/\/boheme-beauty.com\/fr\/wp-json\/wp\/v2\/product_cat?post=7626"},{"taxonomy":"product_tag","embeddable":true,"href":"https:\/\/boheme-beauty.com\/fr\/wp-json\/wp\/v2\/product_tag?post=7626"}],"curies":[{"name":"wp","href":"https:\/\/api.w.org\/{rel}","templated":true}]}}