{"id":7632,"date":"2025-01-01T12:12:13","date_gmt":"2025-01-01T12:12:13","guid":{"rendered":"https:\/\/boheme-beauty.com\/?post_type=product&#038;p=7632"},"modified":"2026-05-02T18:47:45","modified_gmt":"2026-05-02T18:47:45","slug":"sublime-cream","status":"publish","type":"product","link":"https:\/\/boheme-beauty.com\/fr\/produit\/sublime-cream\/","title":{"rendered":"Sublime Cr\u00e8me"},"content":{"rendered":"<p><strong>Bienfaits:<\/strong><\/p>\n<p>\u2713 Nourrit en profondeur gr\u00e2ce aux vitamines A et E, pour une peau plus douce et \u00e9clatante.<br \/>\n\u2713 Prot\u00e8ge efficacement avec les vitamines B3 et C, renfor\u00e7ant la barri\u00e8re naturelle de la peau.<br \/>\n\u2713 Illumine le teint gr\u00e2ce \u00e0 la vitamine C, r\u00e9v\u00e9lant une peau radieuse et pleine de vitalit\u00e9.<br \/>\n\u2713 Repulpe et hydrate intens\u00e9ment avec l\u2019acide hyaluronique pour une peau rebondie et souple.<br \/>\n\u2713 Aide \u00e0 r\u00e9duire les dommages caus\u00e9s par la s\u00e9cheresse gr\u00e2ce aux vitamines K, B5 et C.<\/p>\n<p>&nbsp;<\/p>\n<p><strong>Utilisations:<\/strong><\/p>\n<p>\u2713Appliquer la cr\u00e8me sur le visage, le cou et le d\u00e9collet\u00e9 propres et secs<br \/>\n\u2713Masser et laisser absorber<br \/>\n\u2713Utiliser matin et soir<\/p>\n<p>&nbsp;<\/p>\n<p><strong>Ingredients :<\/strong><br \/>\n<span class=\"notranslate\"><br \/>\nAqua\/water, Cera alba, Prunus amygdalus dulcis oil, Argania spinosa kernel oil, Butyrospermum parkii butter, Glycerin, Hyaluronic acid, Crocus sativus flower extract, Opuntia ficus-indica seed oil, Stearic acid, Cetyl alcohol, Glyceryl stearate, Ceteareth-20, Benzyl alcohol, Ascorbic acid, Dehydroacetic acid<br \/>\n<\/span><\/p>","protected":false},"excerpt":{"rendered":"Sublime Cr\u00e8me","protected":false},"featured_media":9092,"comment_status":"open","ping_status":"closed","template":"","meta":[],"product_brand":[],"product_cat":[78],"product_tag":[84],"class_list":{"0":"post-7632","1":"product","2":"type-product","3":"status-publish","4":"has-post-thumbnail","6":"product_cat-face-care","7":"product_tag-creams-moisturizers","8":"mbf-entry","10":"first","11":"instock","12":"taxable","13":"shipping-taxable","14":"purchasable","15":"product-type-variable","16":"has-default-attributes"},"aioseo_notices":[],"_links":{"self":[{"href":"https:\/\/boheme-beauty.com\/fr\/wp-json\/wp\/v2\/product\/7632","targetHints":{"allow":["GET"]}}],"collection":[{"href":"https:\/\/boheme-beauty.com\/fr\/wp-json\/wp\/v2\/product"}],"about":[{"href":"https:\/\/boheme-beauty.com\/fr\/wp-json\/wp\/v2\/types\/product"}],"replies":[{"embeddable":true,"href":"https:\/\/boheme-beauty.com\/fr\/wp-json\/wp\/v2\/comments?post=7632"}],"wp:featuredmedia":[{"embeddable":true,"href":"https:\/\/boheme-beauty.com\/fr\/wp-json\/wp\/v2\/media\/9092"}],"wp:attachment":[{"href":"https:\/\/boheme-beauty.com\/fr\/wp-json\/wp\/v2\/media?parent=7632"}],"wp:term":[{"taxonomy":"product_brand","embeddable":true,"href":"https:\/\/boheme-beauty.com\/fr\/wp-json\/wp\/v2\/product_brand?post=7632"},{"taxonomy":"product_cat","embeddable":true,"href":"https:\/\/boheme-beauty.com\/fr\/wp-json\/wp\/v2\/product_cat?post=7632"},{"taxonomy":"product_tag","embeddable":true,"href":"https:\/\/boheme-beauty.com\/fr\/wp-json\/wp\/v2\/product_tag?post=7632"}],"curies":[{"name":"wp","href":"https:\/\/api.w.org\/{rel}","templated":true}]}}