{"id":7635,"date":"2025-01-01T12:11:02","date_gmt":"2025-01-01T12:11:02","guid":{"rendered":"https:\/\/boheme-beauty.com\/?post_type=product&#038;p=7635"},"modified":"2026-04-24T11:16:51","modified_gmt":"2026-04-24T11:16:51","slug":"anti-aging-serum","status":"publish","type":"product","link":"https:\/\/boheme-beauty.com\/fr\/produit\/anti-aging-serum\/","title":{"rendered":"S\u00e9rum Reg\u00e9n\u00e9rant"},"content":{"rendered":"<p><strong>Bienfaits:<\/strong><\/p>\n<p>\u2713 Hydratation intense : Gr\u00e2ce \u00e0 sa formule riche en acides gras essentiels, il hydrate la peau en profondeur.<br \/>\n\u2713 R\u00e9g\u00e9n\u00e9rant : Enrichi en puissants antioxydants et en vitamine E, il aide \u00e0 lutter contre les signes de l\u2019\u00e2ge en r\u00e9duisant l\u2019apparence des rides et des ridules.<br \/>\n\u2713 Apaisant : Id\u00e9al pour les peaux sensibles, il adoucit et calme la peau.<br \/>\n\u2713 \u00c9clat : Riche en acides gras om\u00e9ga-6 et om\u00e9ga-9, il nourrit et prot\u00e8ge la peau tout en \u00e9tant enrichi en vitamines A et E.<\/p>\n<p>&nbsp;<\/p>\n<p><strong>Utilisations:<\/strong><\/p>\n<p>Appliquez quelques gouttes du s\u00e9rum sur une peau propre et s\u00e8che. Massez d\u00e9licatement le visage, le contour des yeux et le cou en effectuant des mouvements circulaires ascendants. Utilisez-le chaque nuit pour une peau visiblement plus lisse et revitalis\u00e9e.<\/p>\n<p>&nbsp;<\/p>\n<p><strong>Ingredients:<\/strong><br \/>\n<span class=\"notranslate\"><br \/>\nArgania spinosa kernel oil, Prunus amygdalus dulcis oil Opuntia ficus-indica seed oil, Glycine soja<br \/>\n<\/span><\/p>","protected":false},"excerpt":{"rendered":"S\u00e9rum Reg\u00e9n\u00e9rant","protected":false},"featured_media":9111,"comment_status":"open","ping_status":"closed","template":"","meta":[],"product_brand":[],"product_cat":[54,78],"product_tag":[85],"class_list":{"0":"post-7635","1":"product","2":"type-product","3":"status-publish","4":"has-post-thumbnail","6":"product_cat-best-sellers","7":"product_cat-face-care","8":"product_tag-serums-treatments","9":"mbf-entry","11":"first","12":"instock","13":"taxable","14":"shipping-taxable","15":"purchasable","16":"product-type-variable","17":"has-default-attributes"},"aioseo_notices":[],"_links":{"self":[{"href":"https:\/\/boheme-beauty.com\/fr\/wp-json\/wp\/v2\/product\/7635","targetHints":{"allow":["GET"]}}],"collection":[{"href":"https:\/\/boheme-beauty.com\/fr\/wp-json\/wp\/v2\/product"}],"about":[{"href":"https:\/\/boheme-beauty.com\/fr\/wp-json\/wp\/v2\/types\/product"}],"replies":[{"embeddable":true,"href":"https:\/\/boheme-beauty.com\/fr\/wp-json\/wp\/v2\/comments?post=7635"}],"wp:featuredmedia":[{"embeddable":true,"href":"https:\/\/boheme-beauty.com\/fr\/wp-json\/wp\/v2\/media\/9111"}],"wp:attachment":[{"href":"https:\/\/boheme-beauty.com\/fr\/wp-json\/wp\/v2\/media?parent=7635"}],"wp:term":[{"taxonomy":"product_brand","embeddable":true,"href":"https:\/\/boheme-beauty.com\/fr\/wp-json\/wp\/v2\/product_brand?post=7635"},{"taxonomy":"product_cat","embeddable":true,"href":"https:\/\/boheme-beauty.com\/fr\/wp-json\/wp\/v2\/product_cat?post=7635"},{"taxonomy":"product_tag","embeddable":true,"href":"https:\/\/boheme-beauty.com\/fr\/wp-json\/wp\/v2\/product_tag?post=7635"}],"curies":[{"name":"wp","href":"https:\/\/api.w.org\/{rel}","templated":true}]}}