{"id":7637,"date":"2025-01-01T12:10:23","date_gmt":"2025-01-01T12:10:23","guid":{"rendered":"https:\/\/boheme-beauty.com\/?post_type=product&#038;p=7637"},"modified":"2026-04-24T11:16:55","modified_gmt":"2026-04-24T11:16:55","slug":"glow-serum","status":"publish","type":"product","link":"https:\/\/boheme-beauty.com\/fr\/produit\/glow-serum\/","title":{"rendered":"S\u00e9rum Eclat"},"content":{"rendered":"<p><strong>Bienfaits:<\/strong><\/p>\n<p>\u2713 Lutte contre le vieillissement gr\u00e2ce \u00e0 la vitamine E et aux antioxydants<br \/>\n\u2713 Unifie le teint en r\u00e9duisant les taches brunes<br \/>\n\u2713 Hydrate en profondeur avec l'acide hyaluronique<br \/>\n\u2713 R\u00e9duit l\u2019apparence des cernes<\/p>\n<p>&nbsp;<\/p>\n<p><strong>Utilisations:<\/strong><\/p>\n<p>Appliquez quelques gouttes sur une peau parfaitement nettoy\u00e9e, massez d\u00e9licatement vers le haut. Utilisez chaque soir pour r\u00e9v\u00e9ler une peau visiblement plus lisse et \u00e9clatante.<\/p>\n<p>&nbsp;<\/p>\n<p><strong>Ingredients:<\/strong><br \/>\n<span class=\"notranslate\"><br \/>\nArgania spinosa kernel oil, Prunus amygdalus dulcis oil, Opuntia ficus-indica seed oil, Glycine soja, Cera alba, Hyaluronic acid<br \/>\n<\/span><\/p>","protected":false},"excerpt":{"rendered":"S\u00e9rum Eclat","protected":false},"featured_media":9206,"comment_status":"open","ping_status":"closed","template":"","meta":[],"product_brand":[],"product_cat":[78],"product_tag":[85],"class_list":{"0":"post-7637","1":"product","2":"type-product","3":"status-publish","4":"has-post-thumbnail","6":"product_cat-face-care","7":"product_tag-serums-treatments","8":"mbf-entry","10":"first","11":"instock","12":"taxable","13":"shipping-taxable","14":"purchasable","15":"product-type-variable","16":"has-default-attributes"},"aioseo_notices":[],"_links":{"self":[{"href":"https:\/\/boheme-beauty.com\/fr\/wp-json\/wp\/v2\/product\/7637","targetHints":{"allow":["GET"]}}],"collection":[{"href":"https:\/\/boheme-beauty.com\/fr\/wp-json\/wp\/v2\/product"}],"about":[{"href":"https:\/\/boheme-beauty.com\/fr\/wp-json\/wp\/v2\/types\/product"}],"replies":[{"embeddable":true,"href":"https:\/\/boheme-beauty.com\/fr\/wp-json\/wp\/v2\/comments?post=7637"}],"wp:featuredmedia":[{"embeddable":true,"href":"https:\/\/boheme-beauty.com\/fr\/wp-json\/wp\/v2\/media\/9206"}],"wp:attachment":[{"href":"https:\/\/boheme-beauty.com\/fr\/wp-json\/wp\/v2\/media?parent=7637"}],"wp:term":[{"taxonomy":"product_brand","embeddable":true,"href":"https:\/\/boheme-beauty.com\/fr\/wp-json\/wp\/v2\/product_brand?post=7637"},{"taxonomy":"product_cat","embeddable":true,"href":"https:\/\/boheme-beauty.com\/fr\/wp-json\/wp\/v2\/product_cat?post=7637"},{"taxonomy":"product_tag","embeddable":true,"href":"https:\/\/boheme-beauty.com\/fr\/wp-json\/wp\/v2\/product_tag?post=7637"}],"curies":[{"name":"wp","href":"https:\/\/api.w.org\/{rel}","templated":true}]}}