{"id":7640,"date":"2025-01-01T12:09:01","date_gmt":"2025-01-01T12:09:01","guid":{"rendered":"https:\/\/boheme-beauty.com\/?post_type=product&#038;p=7640"},"modified":"2026-05-02T18:48:09","modified_gmt":"2026-05-02T18:48:09","slug":"pinky-clay-mask","status":"publish","type":"product","link":"https:\/\/boheme-beauty.com\/fr\/produit\/pinky-clay-mask\/","title":{"rendered":"Masque Argile Rose"},"content":{"rendered":"<p><strong>Bienfaits:<\/strong><\/p>\n<p>\u2713 D\u00e9toxifie et purifie la peau en profondeur gr\u00e2ce \u00e0 l\u2019argile rouge et au kaolin<br \/>\n\u2713Hydrate gr\u00e2ce au complexe revitalisant de vitamines B<br \/>\n\u2713Nourrit et apaise les peaux sensibles gr\u00e2ce aux vertus r\u00e9paratrices de l\u2019huile d\u2019argan<\/p>\n<p>&nbsp;<\/p>\n<p><strong>Utilisations:<\/strong><\/p>\n<p>\u2713Appliquer une fine couche sur une peau propre et humide, en \u00e9vitant les yeux<br \/>\n\u2713Laisser agir 10 \u00e0 15 minutes, puis rincer<br \/>\n\u2713Utiliser 1 \u00e0 2 fois par semaine<\/p>\n<p><strong>Ingredients :<\/strong><br \/>\n<span class=\"notranslate\"><br \/>\nAqua (water), Illite (red) clay, Kaolin, Argania spinosa kernel oil, Glycerin, Methylchloroisothiazolinone, Methylisothiazolinone<br \/>\n<\/span><\/p>","protected":false},"excerpt":{"rendered":"Masque Argile Rose","protected":false},"featured_media":9093,"comment_status":"open","ping_status":"closed","template":"","meta":[],"product_brand":[],"product_cat":[78],"product_tag":[86],"class_list":{"0":"post-7640","1":"product","2":"type-product","3":"status-publish","4":"has-post-thumbnail","6":"product_cat-face-care","7":"product_tag-masks-scrubs","8":"mbf-entry","10":"first","11":"instock","12":"taxable","13":"shipping-taxable","14":"purchasable","15":"product-type-variable","16":"has-default-attributes"},"aioseo_notices":[],"_links":{"self":[{"href":"https:\/\/boheme-beauty.com\/fr\/wp-json\/wp\/v2\/product\/7640","targetHints":{"allow":["GET"]}}],"collection":[{"href":"https:\/\/boheme-beauty.com\/fr\/wp-json\/wp\/v2\/product"}],"about":[{"href":"https:\/\/boheme-beauty.com\/fr\/wp-json\/wp\/v2\/types\/product"}],"replies":[{"embeddable":true,"href":"https:\/\/boheme-beauty.com\/fr\/wp-json\/wp\/v2\/comments?post=7640"}],"wp:featuredmedia":[{"embeddable":true,"href":"https:\/\/boheme-beauty.com\/fr\/wp-json\/wp\/v2\/media\/9093"}],"wp:attachment":[{"href":"https:\/\/boheme-beauty.com\/fr\/wp-json\/wp\/v2\/media?parent=7640"}],"wp:term":[{"taxonomy":"product_brand","embeddable":true,"href":"https:\/\/boheme-beauty.com\/fr\/wp-json\/wp\/v2\/product_brand?post=7640"},{"taxonomy":"product_cat","embeddable":true,"href":"https:\/\/boheme-beauty.com\/fr\/wp-json\/wp\/v2\/product_cat?post=7640"},{"taxonomy":"product_tag","embeddable":true,"href":"https:\/\/boheme-beauty.com\/fr\/wp-json\/wp\/v2\/product_tag?post=7640"}],"curies":[{"name":"wp","href":"https:\/\/api.w.org\/{rel}","templated":true}]}}