{"id":7642,"date":"2025-01-01T12:08:00","date_gmt":"2025-01-01T12:08:00","guid":{"rendered":"https:\/\/boheme-beauty.com\/?post_type=product&#038;p=7642"},"modified":"2026-04-24T11:17:04","modified_gmt":"2026-04-24T11:17:04","slug":"honey-saffron-mask","status":"publish","type":"product","link":"https:\/\/boheme-beauty.com\/fr\/produit\/honey-saffron-mask\/","title":{"rendered":"Masque Miel &amp; Safran"},"content":{"rendered":"<p><strong>Bienfaits:<\/strong><\/p>\n<p>\u2713Purifie la peau en douceur.<br \/>\n\u2713Illumine et unifie le teint.<br \/>\n\u2713Hydrate pour un fini doux et \u00e9clatant<\/p>\n<p>&nbsp;<\/p>\n<p><strong>Utilisations:<\/strong><\/p>\n<p>\u2713Nettoyez votre visage et s\u00e9chez-le en tapotant<br \/>\n\u2713Appliquez une couche g\u00e9n\u00e9reuse du masque en \u00e9vitant le contour des yeux et des l\u00e8vres<br \/>\n\u2713Laissez agir 10 \u00e0 15 minutes, puis rincez \u00e0 l'eau ti\u00e8de.<br \/>\n\u2713Utilisez 1 \u00e0 2 fois par semaine<\/p>\n<p>&nbsp;<\/p>\n<p><strong>Ingredients:<\/strong><\/p>\n<p>Kaolin, Mel , Aqua (water), Citrus aurantium amara oil, Argania spinosa kernel oil, Crocus sativus stigma extract, Ascorbic acid<\/p>","protected":false},"excerpt":{"rendered":"Honey &amp; Saffron Mask","protected":false},"featured_media":9096,"comment_status":"open","ping_status":"closed","template":"","meta":[],"product_brand":[],"product_cat":[78],"product_tag":[86],"class_list":{"0":"post-7642","1":"product","2":"type-product","3":"status-publish","4":"has-post-thumbnail","6":"product_cat-face-care","7":"product_tag-masks-scrubs","8":"mbf-entry","10":"first","11":"instock","12":"taxable","13":"shipping-taxable","14":"purchasable","15":"product-type-variable","16":"has-default-attributes"},"aioseo_notices":[],"_links":{"self":[{"href":"https:\/\/boheme-beauty.com\/fr\/wp-json\/wp\/v2\/product\/7642","targetHints":{"allow":["GET"]}}],"collection":[{"href":"https:\/\/boheme-beauty.com\/fr\/wp-json\/wp\/v2\/product"}],"about":[{"href":"https:\/\/boheme-beauty.com\/fr\/wp-json\/wp\/v2\/types\/product"}],"replies":[{"embeddable":true,"href":"https:\/\/boheme-beauty.com\/fr\/wp-json\/wp\/v2\/comments?post=7642"}],"wp:featuredmedia":[{"embeddable":true,"href":"https:\/\/boheme-beauty.com\/fr\/wp-json\/wp\/v2\/media\/9096"}],"wp:attachment":[{"href":"https:\/\/boheme-beauty.com\/fr\/wp-json\/wp\/v2\/media?parent=7642"}],"wp:term":[{"taxonomy":"product_brand","embeddable":true,"href":"https:\/\/boheme-beauty.com\/fr\/wp-json\/wp\/v2\/product_brand?post=7642"},{"taxonomy":"product_cat","embeddable":true,"href":"https:\/\/boheme-beauty.com\/fr\/wp-json\/wp\/v2\/product_cat?post=7642"},{"taxonomy":"product_tag","embeddable":true,"href":"https:\/\/boheme-beauty.com\/fr\/wp-json\/wp\/v2\/product_tag?post=7642"}],"curies":[{"name":"wp","href":"https:\/\/api.w.org\/{rel}","templated":true}]}}