{"id":7644,"date":"2025-01-01T12:07:26","date_gmt":"2025-01-01T12:07:26","guid":{"rendered":"https:\/\/boheme-beauty.com\/?post_type=product&#038;p=7644"},"modified":"2026-04-24T11:17:09","modified_gmt":"2026-04-24T11:17:09","slug":"nila-mask","status":"publish","type":"product","link":"https:\/\/boheme-beauty.com\/fr\/produit\/nila-mask\/","title":{"rendered":"Masque Nila"},"content":{"rendered":"<p><strong>Bienfaits:<\/strong><\/p>\n<p>\u2713\u00c9limine l\u2019exc\u00e8s de s\u00e9bum et les impuret\u00e9s<br \/>\n\u2713Illumine la peau gr\u00e2ce \u00e0 la vitamine C.<br \/>\n\u2713Nourrit, hydrate et revitalise la peau gr\u00e2ce au safran, r\u00e9v\u00e9lant un \u00e9clat naturel et lumineux.<\/p>\n<p>&nbsp;<\/p>\n<p><strong>Utilisations:<\/strong><\/p>\n<p>\u2713 Appliquez une couche uniforme (en \u00e9vitant le contour des yeux)<br \/>\n\u2713  Laissez poser 10 \u00e0 15 minutes, puis rincez abondamment<br \/>\n\u2713  \u00c0 utiliser 1 \u00e0 2 fois par semaine<\/p>\n<p>&nbsp;<\/p>\n<p><strong>Ingredients:<\/strong><\/p>\n<p>Kaolin, Aqua (water), Mel, Argania spinosa kernel oil, Crocus sativus flower extract, Indigofera tinctoria extract<\/p>","protected":false},"excerpt":{"rendered":"Masque Nila","protected":false},"featured_media":9098,"comment_status":"open","ping_status":"closed","template":"","meta":[],"product_brand":[],"product_cat":[78],"product_tag":[86],"class_list":{"0":"post-7644","1":"product","2":"type-product","3":"status-publish","4":"has-post-thumbnail","6":"product_cat-face-care","7":"product_tag-masks-scrubs","8":"mbf-entry","10":"first","11":"instock","12":"taxable","13":"shipping-taxable","14":"purchasable","15":"product-type-variable","16":"has-default-attributes"},"aioseo_notices":[],"_links":{"self":[{"href":"https:\/\/boheme-beauty.com\/fr\/wp-json\/wp\/v2\/product\/7644","targetHints":{"allow":["GET"]}}],"collection":[{"href":"https:\/\/boheme-beauty.com\/fr\/wp-json\/wp\/v2\/product"}],"about":[{"href":"https:\/\/boheme-beauty.com\/fr\/wp-json\/wp\/v2\/types\/product"}],"replies":[{"embeddable":true,"href":"https:\/\/boheme-beauty.com\/fr\/wp-json\/wp\/v2\/comments?post=7644"}],"wp:featuredmedia":[{"embeddable":true,"href":"https:\/\/boheme-beauty.com\/fr\/wp-json\/wp\/v2\/media\/9098"}],"wp:attachment":[{"href":"https:\/\/boheme-beauty.com\/fr\/wp-json\/wp\/v2\/media?parent=7644"}],"wp:term":[{"taxonomy":"product_brand","embeddable":true,"href":"https:\/\/boheme-beauty.com\/fr\/wp-json\/wp\/v2\/product_brand?post=7644"},{"taxonomy":"product_cat","embeddable":true,"href":"https:\/\/boheme-beauty.com\/fr\/wp-json\/wp\/v2\/product_cat?post=7644"},{"taxonomy":"product_tag","embeddable":true,"href":"https:\/\/boheme-beauty.com\/fr\/wp-json\/wp\/v2\/product_tag?post=7644"}],"curies":[{"name":"wp","href":"https:\/\/api.w.org\/{rel}","templated":true}]}}