{"id":7646,"date":"2025-01-01T12:06:03","date_gmt":"2025-01-01T12:06:03","guid":{"rendered":"https:\/\/boheme-beauty.com\/?post_type=product&#038;p=7646"},"modified":"2026-04-24T11:17:14","modified_gmt":"2026-04-24T11:17:14","slug":"glow-mask","status":"publish","type":"product","link":"https:\/\/boheme-beauty.com\/fr\/produit\/glow-mask\/","title":{"rendered":"Masque Eclat"},"content":{"rendered":"<p><strong>Bienfaits:<\/strong><\/p>\n<p>\u2713 \u00c9clat naturel : enrichie en vitamines A, B et E, cette formule revitalise la peau, ravive son \u00e9clat et r\u00e9v\u00e8le un teint frais, lumineux et plein de vitalit\u00e9.<br \/>\n\u2713 Antioxydants : prot\u00e8gent la peau des radicaux libres, stimulent sa r\u00e9g\u00e9n\u00e9ration et lui conf\u00e8rent une apparence fra\u00eeche et \u00e9clatante.<br \/>\n\u2713Pigmentation : Riche en vitamine C, qui aide \u00e0 r\u00e9duit les taches brunes et unifie le teint, favorisant une apparence plus lumineuse et plus uniforme.<\/p>\n<p>&nbsp;<\/p>\n<p><strong>Utilisations:<\/strong><\/p>\n<p>\u2713Appliquer le masque \u00e9clat sur le visage propre en \u00e9vitant le contour des yeux<br \/>\n\u2713Laisser poser 10 \u00e0 15 minutes puis rincer abondamment \u00e0 l'eau ti\u00e8de jusqu'\u00e0 \u00e9limination compl\u00e8te<br \/>\n\u2713Utiliser 1 \u00e0 2 fois par semaine pour de meilleurs r\u00e9sultats tout en \u00e9vitant le contact avec les yeux et en cessant l'utilisation en cas d'irritation.<\/p>\n<p>&nbsp;<\/p>\n<p><strong>Ingredients:<\/strong><\/p>\n<p>Kaolin, Aqua (water), Mel, Prunus amygdalus amara kernel oil, Argania spinosa kernel oil, Crocus sativus stigma extract, Citrus aurantium dulcis peel oil, Ascorbic acid<\/p>","protected":false},"excerpt":{"rendered":"Masque Eclat","protected":false},"featured_media":9088,"comment_status":"open","ping_status":"closed","template":"","meta":[],"product_brand":[],"product_cat":[78],"product_tag":[86],"class_list":{"0":"post-7646","1":"product","2":"type-product","3":"status-publish","4":"has-post-thumbnail","6":"product_cat-face-care","7":"product_tag-masks-scrubs","8":"mbf-entry","10":"first","11":"instock","12":"taxable","13":"shipping-taxable","14":"purchasable","15":"product-type-variable","16":"has-default-attributes"},"aioseo_notices":[],"_links":{"self":[{"href":"https:\/\/boheme-beauty.com\/fr\/wp-json\/wp\/v2\/product\/7646","targetHints":{"allow":["GET"]}}],"collection":[{"href":"https:\/\/boheme-beauty.com\/fr\/wp-json\/wp\/v2\/product"}],"about":[{"href":"https:\/\/boheme-beauty.com\/fr\/wp-json\/wp\/v2\/types\/product"}],"replies":[{"embeddable":true,"href":"https:\/\/boheme-beauty.com\/fr\/wp-json\/wp\/v2\/comments?post=7646"}],"wp:featuredmedia":[{"embeddable":true,"href":"https:\/\/boheme-beauty.com\/fr\/wp-json\/wp\/v2\/media\/9088"}],"wp:attachment":[{"href":"https:\/\/boheme-beauty.com\/fr\/wp-json\/wp\/v2\/media?parent=7646"}],"wp:term":[{"taxonomy":"product_brand","embeddable":true,"href":"https:\/\/boheme-beauty.com\/fr\/wp-json\/wp\/v2\/product_brand?post=7646"},{"taxonomy":"product_cat","embeddable":true,"href":"https:\/\/boheme-beauty.com\/fr\/wp-json\/wp\/v2\/product_cat?post=7646"},{"taxonomy":"product_tag","embeddable":true,"href":"https:\/\/boheme-beauty.com\/fr\/wp-json\/wp\/v2\/product_tag?post=7646"}],"curies":[{"name":"wp","href":"https:\/\/api.w.org\/{rel}","templated":true}]}}