{"id":7650,"date":"2025-01-01T12:04:22","date_gmt":"2025-01-01T12:04:22","guid":{"rendered":"https:\/\/boheme-beauty.com\/?post_type=product&#038;p=7650"},"modified":"2026-02-06T09:55:44","modified_gmt":"2026-02-06T09:55:44","slug":"booster-croissance-eyelashes-eyebrows","status":"publish","type":"product","link":"https:\/\/boheme-beauty.com\/fr\/produit\/booster-croissance-eyelashes-eyebrows\/","title":{"rendered":"Le Booster - Soin et Croissance Cils et Sourcils"},"content":{"rendered":"<p><strong> Bienfaits:<\/strong><\/p>\n<p>\u2713Favorise, renforce et augmente l\u2019\u00e9paisseur du cil<br \/>\n\u2713Hydrate et am\u00e9liore l\u2019apparence gr\u00e2ce \u00e0 la vitamine E<\/p>\n<p>&nbsp;<\/p>\n<p><strong>Utilisations:<\/strong><\/p>\n<p>\u2713Appliquer une fois par jour sur les cils et sourcils propres et secs. Commencer \u00e0 la base des cils sup\u00e9rieurs \u00e0 l'aide de l'applicateur fourni. \nLaisser s\u00e9cher compl\u00e8tement.<\/p>\n<p>&nbsp;<\/p>\n<p><strong>Ingredients:<\/strong><\/p>\n<p>PEG -29 castor oil, Crocus sativus stigma extract, Tocopherol (Vitamine E), Phoenix dactylifera fruit extract<\/p>","protected":false},"excerpt":{"rendered":"Le Booster - Soin et Croissance Cils et Sourcils","protected":false},"featured_media":9131,"comment_status":"open","ping_status":"closed","template":"","meta":[],"product_brand":[],"product_cat":[78],"product_tag":[83],"class_list":{"0":"post-7650","1":"product","2":"type-product","3":"status-publish","4":"has-post-thumbnail","6":"product_cat-face-care","7":"product_tag-eye-care","8":"mbf-entry","10":"first","11":"instock","12":"shipping-taxable","13":"purchasable","14":"product-type-variable","15":"has-default-attributes"},"aioseo_notices":[],"_links":{"self":[{"href":"https:\/\/boheme-beauty.com\/fr\/wp-json\/wp\/v2\/product\/7650","targetHints":{"allow":["GET"]}}],"collection":[{"href":"https:\/\/boheme-beauty.com\/fr\/wp-json\/wp\/v2\/product"}],"about":[{"href":"https:\/\/boheme-beauty.com\/fr\/wp-json\/wp\/v2\/types\/product"}],"replies":[{"embeddable":true,"href":"https:\/\/boheme-beauty.com\/fr\/wp-json\/wp\/v2\/comments?post=7650"}],"wp:featuredmedia":[{"embeddable":true,"href":"https:\/\/boheme-beauty.com\/fr\/wp-json\/wp\/v2\/media\/9131"}],"wp:attachment":[{"href":"https:\/\/boheme-beauty.com\/fr\/wp-json\/wp\/v2\/media?parent=7650"}],"wp:term":[{"taxonomy":"product_brand","embeddable":true,"href":"https:\/\/boheme-beauty.com\/fr\/wp-json\/wp\/v2\/product_brand?post=7650"},{"taxonomy":"product_cat","embeddable":true,"href":"https:\/\/boheme-beauty.com\/fr\/wp-json\/wp\/v2\/product_cat?post=7650"},{"taxonomy":"product_tag","embeddable":true,"href":"https:\/\/boheme-beauty.com\/fr\/wp-json\/wp\/v2\/product_tag?post=7650"}],"curies":[{"name":"wp","href":"https:\/\/api.w.org\/{rel}","templated":true}]}}