{"id":7654,"date":"2025-01-01T12:02:37","date_gmt":"2025-01-01T12:02:37","guid":{"rendered":"https:\/\/boheme-beauty.com\/?post_type=product&#038;p=7654"},"modified":"2026-04-06T14:46:32","modified_gmt":"2026-04-06T14:46:32","slug":"pink-lip-argan-raspberry","status":"publish","type":"product","link":"https:\/\/boheme-beauty.com\/fr\/produit\/pink-lip-argan-raspberry\/","title":{"rendered":"Baume \u00e0 l\u00e8vres Argan &amp; Framboise"},"content":{"rendered":"<p><strong>Bienfaits:<\/strong><\/p>\n<p>\u2713Hydratation longue dur\u00e9e<br \/>\n\u2713R\u00e9pare les l\u00e8vres s\u00e8ches<\/p>\n<p>&nbsp;<\/p>\n<p><strong>Utilisations:<\/strong><\/p>\n<p>\u2713Utiliser avant le coucher et le maquillage pour de meilleurs r\u00e9sultats.<\/p>\n<p>&nbsp;<\/p>\n<p><strong>Ingredients:<\/strong><br \/>\n<span class=\"notranslate\"><br \/>\nButyrospermum parkii butter, Cera alba, Argania spinosa kernel oil, Coconut Oil (Cocos Nucifera), Mel , Cetearyl alchol, Apricot Kernel Oil (Prunus armeniaca), Tocopheryl acetate, Parfum (raspberry fragrance)<br \/>\n<\/span><\/p>","protected":false},"excerpt":{"rendered":"Baume \u00e0 l\u00e8vres Argan &amp; Framboise","protected":false},"featured_media":9117,"comment_status":"open","ping_status":"closed","template":"","meta":[],"product_brand":[],"product_cat":[78],"product_tag":[82],"class_list":{"0":"post-7654","1":"product","2":"type-product","3":"status-publish","4":"has-post-thumbnail","6":"product_cat-face-care","7":"product_tag-lip-care","8":"mbf-entry","10":"first","11":"instock","12":"shipping-taxable","13":"purchasable","14":"product-type-variable","15":"has-default-attributes"},"aioseo_notices":[],"_links":{"self":[{"href":"https:\/\/boheme-beauty.com\/fr\/wp-json\/wp\/v2\/product\/7654","targetHints":{"allow":["GET"]}}],"collection":[{"href":"https:\/\/boheme-beauty.com\/fr\/wp-json\/wp\/v2\/product"}],"about":[{"href":"https:\/\/boheme-beauty.com\/fr\/wp-json\/wp\/v2\/types\/product"}],"replies":[{"embeddable":true,"href":"https:\/\/boheme-beauty.com\/fr\/wp-json\/wp\/v2\/comments?post=7654"}],"wp:featuredmedia":[{"embeddable":true,"href":"https:\/\/boheme-beauty.com\/fr\/wp-json\/wp\/v2\/media\/9117"}],"wp:attachment":[{"href":"https:\/\/boheme-beauty.com\/fr\/wp-json\/wp\/v2\/media?parent=7654"}],"wp:term":[{"taxonomy":"product_brand","embeddable":true,"href":"https:\/\/boheme-beauty.com\/fr\/wp-json\/wp\/v2\/product_brand?post=7654"},{"taxonomy":"product_cat","embeddable":true,"href":"https:\/\/boheme-beauty.com\/fr\/wp-json\/wp\/v2\/product_cat?post=7654"},{"taxonomy":"product_tag","embeddable":true,"href":"https:\/\/boheme-beauty.com\/fr\/wp-json\/wp\/v2\/product_tag?post=7654"}],"curies":[{"name":"wp","href":"https:\/\/api.w.org\/{rel}","templated":true}]}}