{"id":7867,"date":"2025-01-01T12:03:51","date_gmt":"2025-01-01T12:03:51","guid":{"rendered":"https:\/\/boheme-beauty.com\/?post_type=product&#038;p=7867"},"modified":"2026-02-06T09:57:19","modified_gmt":"2026-02-06T09:57:19","slug":"lip-scrub","status":"publish","type":"product","link":"https:\/\/boheme-beauty.com\/fr\/produit\/lip-scrub\/","title":{"rendered":"Gommage \u00e0 l\u00e8vres"},"content":{"rendered":"<p><strong>Bienfaits:<\/strong><\/p>\n<p>\u2713Aide \u00e0 r\u00e9duire et \u00e0 pr\u00e9venir les dommages caus\u00e9s par le dess\u00e8chement des l\u00e8vres<br \/>\n\u2713Elimine les cellules mortes de la peau<br \/>\n\u2713Purifie pour des l\u00e8vres lisses, douces et \u00e9clatantes<\/p>\n<p><strong>Utilisations:<\/strong><\/p>\n<p>Appliquez le gommage sur vos l\u00e8vres et massez d\u00e9licatement par mouvements circulaires. Quelques passages suffisent pour des l\u00e8vres douces et lisses.<\/p>\n<p>&nbsp;<br \/>\n<strong>Ingredients:<\/strong><\/p>\n<p>Mel, Cera alba, Argania spinosa kernel oil, Prunus amygdalus dulcis kernel oil, Sucrose, Glycine soja oil (Soybean), Polysorbate 20, Papaver rhoeas petal extract, Orange Peel Oil (Citrus Sinensis) , Parfum (fragrance), Benzyl alcohol, Dehydroacetic acid<\/p>","protected":false},"excerpt":{"rendered":"Gommage \u00e0 l\u00e8vres","protected":false},"featured_media":9102,"comment_status":"open","ping_status":"closed","template":"","meta":[],"product_brand":[],"product_cat":[78],"product_tag":[82],"class_list":{"0":"post-7867","1":"product","2":"type-product","3":"status-publish","4":"has-post-thumbnail","6":"product_cat-face-care","7":"product_tag-lip-care","8":"mbf-entry","10":"first","11":"instock","12":"shipping-taxable","13":"purchasable","14":"product-type-variable","15":"has-default-attributes"},"aioseo_notices":[],"_links":{"self":[{"href":"https:\/\/boheme-beauty.com\/fr\/wp-json\/wp\/v2\/product\/7867","targetHints":{"allow":["GET"]}}],"collection":[{"href":"https:\/\/boheme-beauty.com\/fr\/wp-json\/wp\/v2\/product"}],"about":[{"href":"https:\/\/boheme-beauty.com\/fr\/wp-json\/wp\/v2\/types\/product"}],"replies":[{"embeddable":true,"href":"https:\/\/boheme-beauty.com\/fr\/wp-json\/wp\/v2\/comments?post=7867"}],"wp:featuredmedia":[{"embeddable":true,"href":"https:\/\/boheme-beauty.com\/fr\/wp-json\/wp\/v2\/media\/9102"}],"wp:attachment":[{"href":"https:\/\/boheme-beauty.com\/fr\/wp-json\/wp\/v2\/media?parent=7867"}],"wp:term":[{"taxonomy":"product_brand","embeddable":true,"href":"https:\/\/boheme-beauty.com\/fr\/wp-json\/wp\/v2\/product_brand?post=7867"},{"taxonomy":"product_cat","embeddable":true,"href":"https:\/\/boheme-beauty.com\/fr\/wp-json\/wp\/v2\/product_cat?post=7867"},{"taxonomy":"product_tag","embeddable":true,"href":"https:\/\/boheme-beauty.com\/fr\/wp-json\/wp\/v2\/product_tag?post=7867"}],"curies":[{"name":"wp","href":"https:\/\/api.w.org\/{rel}","templated":true}]}}